{"id":6730,"date":"2018-10-26T16:33:58","date_gmt":"2018-10-26T07:33:58","guid":{"rendered":"http:\/\/stage04.b-gone.com\/horaires-douverture\/"},"modified":"2023-07-21T10:11:41","modified_gmt":"2023-07-21T01:11:41","slug":"horaires-douverture","status":"publish","type":"page","link":"https:\/\/stage10.roundup-server.biz\/fr\/horaires-douverture\/","title":{"rendered":"Horaires d\u2019ouverture"},"content":{"rendered":"<div class=\"wpb-content-wrapper\">[vc_row row_type=\u00a0\u00bbrow\u00a0\u00bb use_row_as_full_screen_section=\u00a0\u00bbno\u00a0\u00bb type=\u00a0\u00bbfull_width\u00a0\u00bb text_align=\u00a0\u00bbleft\u00a0\u00bb css_animation=\u00a0\u00bb\u00a0\u00bb box_shadow_on_row=\u00a0\u00bbno\u00a0\u00bb][vc_column][vc_column_text]<div class=\"su-table event-tb su-table-responsive su-table-alternate\">\n<table>\n<tbody>\n<tr>\n<th style=\"width: 176px\">Horaires d\u2019ouverture<\/th>\n<td style=\"width: 1073px\"><span style=\"color: #000000\">De 10h00 \u00e0 17h00 (derni\u00e8re admission \u00e0 16h30)<\/span><strong><span style=\"color: #ff0000\"><br \/>\n<\/span><\/strong><\/td>\n<\/tr>\n<tr>\n<th style=\"width: 176px\">Jours de fermeture<\/th>\n<td style=\"width: 1073px\">Le lundi (ouvert si le lundi est un jour f\u00e9ri\u00e9), jour ouvr\u00e9 suivant un jour f\u00e9ri\u00e9, f\u00eates de fin et de d\u00e9but d\u2019ann\u00e9e, et autres jours de fermeture exceptionnelle<br \/>\n<a href=\"\/fr\/calendrier-du-musee\/\">\u2192Calendrier du mus\u00e9e<\/a><\/td>\n<\/tr>\n<tr>\n<th style=\"width: 176px\">Tarifs<\/th>\n<td style=\"width: 1073px\">Adulte : 400 (320) yens<br \/>\n\u00c9l\u00e8ve de primaire, coll\u00e9gien et lyc\u00e9en : 200 (160) yens<br \/>\n*Les tarifs entre ( ) sont applicables pour les groupes de 20 personnes et plus.<\/td>\n<\/tr>\n<\/tbody>\n<\/table>\n<\/div>\n\uff0a<a href=\"https:\/\/stage10.roundup-server.biz\/en\/our-efforts-against-covid19-en\/\">Our Efforts against the Spread of the Coronavirus (COVID-19)<\/a><\/p>\n<h2>Acc\u00e8s\u30fbplan<\/h2>\n<p>Le mus\u00e9e du papier se situe dans le parc Asukayama de l\u2019arrondissement de Kita de Tokyo. La gare JR la plus proche est celle d\u2019\u014cji, environ 20 minutes depuis la gare de Tokyo sur la ligne Keihin-T\u014dhoku, et ais\u00e9ment accessible depuis Ueno, Asakusa ou encore Ikebukuro.[\/vc_column_text][vc_raw_html]PGlmcmFtZSBzdHlsZT0iYm9yZGVyOiAwOyIgc3JjPSJodHRwczovL3d3dy5nb29nbGUuY29tL21hcHMvZW1iZWQ\/cGI9ITFtMTghMW0xMiExbTMhMWQzMjM4LjA0MzI5MTgyMTQxNCEyZDEzOS43MzY3OTcxMTUyNjA2NiEzZDM1Ljc0OTc0MDY4MDE3ODMzNCEybTMhMWYwITJmMCEzZjAhM20yITFpMTAyNCEyaTc2OCE0ZjEzLjEhM20zITFtMiExczB4MCUzQTB4Mjg2NmYyNTJlM2E1ZWVjMyEyejU3U1o0NEd1NVkyYTU0bXA2YVNvITVlMCEzbTIhMXNqYSEyc2pwITR2MTUyNjQ1MTg4MzczMiIgd2lkdGg9IjgwMCIgaGVpZ2h0PSI2MDAiIGZyYW1lYm9yZGVyPSIwIiBhbGxvd2Z1bGxzY3JlZW49ImFsbG93ZnVsbHNjcmVlbiI+PC9pZnJhbWU+[\/vc_raw_html][vc_column_text]\n<h3>En train<\/h3>\n<p>Descendre \u00e0 la gare d\u2019\u014cji sur la ligne JR Keihin-T\u014dhoku et marcher environ 5 minutes depuis la sortie sud.<\/p>\n<p>Descendre \u00e0 la station Nishigahara sur la ligne Nanboku du m\u00e9tro de Tokyo, environ 7 minutes \u00e0 pied.<\/p>\n<h3>En tramway<\/h3>\n<p>Descendre \u00e0 l\u2019arr\u00eat Asukayama du tramway Sakura de Tokyo (ligne Toden-Arakawa), environ 3 minutes \u00e0 pied.<\/p>\n<h3>En bus<\/h3>\n<p>Descendre \u00e0 l\u2019arr\u00eat Asukayama en bus Toei, environ 4 minutes \u00e0 pied.<\/p>\n<p>Descendre \u00e0 l\u2019arr\u00eat Asukayama K\u014den en bus de l\u2019arrondissement de Kita, environ 3 minutes \u00e0 pied.<\/p>\n<p>*Le mus\u00e9e ne poss\u00e8de pas de parking d\u00e9di\u00e9. Veuillez utiliser le parking (payant) du parc Asukayama.<\/p>\n<h3>Acc\u00e8s depuis les principales gares<\/h3>\n<h2><img loading=\"lazy\" decoding=\"async\" class=\"aligncenter wp-image-6741 size-full\" src=\"https:\/\/stage10.roundup-server.biz\/wp-content\/uploads\/2018\/10\/Map-FR.png\" alt=\"\" width=\"792\" height=\"997\" srcset=\"https:\/\/stage10.roundup-server.biz\/wp-content\/uploads\/2018\/10\/Map-FR.png 792w, https:\/\/stage10.roundup-server.biz\/wp-content\/uploads\/2018\/10\/Map-FR-238x300.png 238w, https:\/\/stage10.roundup-server.biz\/wp-content\/uploads\/2018\/10\/Map-FR-768x967.png 768w, https:\/\/stage10.roundup-server.biz\/wp-content\/uploads\/2018\/10\/Map-FR-700x881.png 700w\" sizes=\"auto, (max-width: 792px) 100vw, 792px\" \/><\/h2>\n<p>*Vous pouvez \u00e9galement venir par la ligne de tramway Toden-Arakawa (arr\u00eat Asukayama) et par bus Toei (arr\u00eat Asukayama).<\/p>\n<p>*Veuillez emprunter la sortie principale de la gare \u014cji sur la ligne JR Keihin-T\u014dhoku pour utiliser l\u2019Asuka Park Rail (Asukarugo).<\/p>\n<p>*Le mus\u00e9e ne poss\u00e8de pas de parking d\u00e9di\u00e9.<\/p>\n<p>&nbsp;<\/p>\n<h2>Adresse et contact<\/h2>\n<p>1-1-3 \u014cji, Kita-ku, 114-0002 Tokyo<br \/>\nT\u00e9l. : +81-3-3916-2320\u3000\u3000Fax : +81-3-5907-7511<br \/>\n<a href=\"\/en\/contact\/\">Veuillez utiliser le formulaire de contact par e-mail.<\/a><\/p>\n<p>&nbsp;<\/p>\n<h2>Lors de votre visite (R\u00e8glement du mus\u00e9e du papier)<\/h2>\n<p>Afin de pr\u00e9server les \u0153uvres expos\u00e9es, et pour que chacun puisse profiter de sa visite au maximum, nous vous demandons de respecter les consignes suivantes.[\/vc_column_text][vc_empty_space height=\u00a0\u00bb16px\u00a0\u00bb image_repeat=\u00a0\u00bbno-repeat\u00a0\u00bb][vc_row_inner row_type=\u00a0\u00bbrow\u00a0\u00bb type=\u00a0\u00bbfull_width\u00a0\u00bb use_row_as_full_screen_section_slide=\u00a0\u00bbno\u00a0\u00bb text_align=\u00a0\u00bbleft\u00a0\u00bb css_animation=\u00a0\u00bb\u00a0\u00bb box_shadow_on_row=\u00a0\u00bbno\u00a0\u00bb][vc_column_inner width=\u00a0\u00bb1\/12&Prime;][vc_single_image image=\u00a0\u00bb6469&Prime; img_size=\u00a0\u00bbfull\u00a0\u00bb alignment=\u00a0\u00bbcenter\u00a0\u00bb edgt_css_animation=\u00a0\u00bb\u00a0\u00bb][\/vc_column_inner][vc_column_inner width=\u00a0\u00bb11\/12&Prime;][vc_column_text]Il est interdit de boire et de manger \u00e0 l\u2019int\u00e9rieur du mus\u00e9e (bouteilles d\u2019eau, bonbons et chewing-gum inclus).[\/vc_column_text][\/vc_column_inner][\/vc_row_inner][vc_empty_space image_repeat=\u00a0\u00bbno-repeat\u00a0\u00bb][vc_row_inner row_type=\u00a0\u00bbrow\u00a0\u00bb type=\u00a0\u00bbfull_width\u00a0\u00bb use_row_as_full_screen_section_slide=\u00a0\u00bbno\u00a0\u00bb text_align=\u00a0\u00bbleft\u00a0\u00bb css_animation=\u00a0\u00bb\u00a0\u00bb box_shadow_on_row=\u00a0\u00bbno\u00a0\u00bb][vc_column_inner width=\u00a0\u00bb1\/12&Prime;][vc_single_image image=\u00a0\u00bb6470&Prime; img_size=\u00a0\u00bbfull\u00a0\u00bb alignment=\u00a0\u00bbcenter\u00a0\u00bb edgt_css_animation=\u00a0\u00bb\u00a0\u00bb][\/vc_column_inner][vc_column_inner width=\u00a0\u00bb11\/12&Prime;][vc_column_text]Le mus\u00e9e est enti\u00e8rement non-fumeur.[\/vc_column_text][\/vc_column_inner][\/vc_row_inner][vc_empty_space image_repeat=\u00a0\u00bbno-repeat\u00a0\u00bb][vc_row_inner row_type=\u00a0\u00bbrow\u00a0\u00bb type=\u00a0\u00bbfull_width\u00a0\u00bb use_row_as_full_screen_section_slide=\u00a0\u00bbno\u00a0\u00bb text_align=\u00a0\u00bbleft\u00a0\u00bb css_animation=\u00a0\u00bb\u00a0\u00bb box_shadow_on_row=\u00a0\u00bbno\u00a0\u00bb][vc_column_inner width=\u00a0\u00bb1\/12&Prime;][vc_single_image image=\u00a0\u00bb6468&Prime; img_size=\u00a0\u00bbfull\u00a0\u00bb alignment=\u00a0\u00bbcenter\u00a0\u00bb edgt_css_animation=\u00a0\u00bb\u00a0\u00bb][\/vc_column_inner][vc_column_inner width=\u00a0\u00bb11\/12&Prime;][vc_column_text]Les photographies et enregistrements vid\u00e9o \u00e0 usage priv\u00e9 sont autoris\u00e9s. L\u2019utilisation du flash ou de tr\u00e9pied est n\u00e9anmoins interdite. (Il est cependant interdit de photographier certaines \u0153uvres expos\u00e9es et documents vid\u00e9os.)[\/vc_column_text][\/vc_column_inner][\/vc_row_inner][vc_empty_space image_repeat=\u00a0\u00bbno-repeat\u00a0\u00bb][vc_row_inner row_type=\u00a0\u00bbrow\u00a0\u00bb type=\u00a0\u00bbfull_width\u00a0\u00bb use_row_as_full_screen_section_slide=\u00a0\u00bbno\u00a0\u00bb text_align=\u00a0\u00bbleft\u00a0\u00bb css_animation=\u00a0\u00bb\u00a0\u00bb box_shadow_on_row=\u00a0\u00bbno\u00a0\u00bb][vc_column_inner width=\u00a0\u00bb1\/12&Prime;][vc_single_image image=\u00a0\u00bb6471&Prime; img_size=\u00a0\u00bbfull\u00a0\u00bb alignment=\u00a0\u00bbcenter\u00a0\u00bb edgt_css_animation=\u00a0\u00bb\u00a0\u00bb][\/vc_column_inner][vc_column_inner width=\u00a0\u00bb11\/12&Prime;][vc_column_text]Veuillez mettre votre t\u00e9l\u00e9phone portable en mode vibreur ou silencieux, et \u00e9viter de t\u00e9l\u00e9phoner dans l\u2019enceinte du mus\u00e9e.[\/vc_column_text][\/vc_column_inner][\/vc_row_inner][vc_empty_space image_repeat=\u00a0\u00bbno-repeat\u00a0\u00bb][vc_row_inner row_type=\u00a0\u00bbrow\u00a0\u00bb type=\u00a0\u00bbfull_width\u00a0\u00bb use_row_as_full_screen_section_slide=\u00a0\u00bbno\u00a0\u00bb text_align=\u00a0\u00bbleft\u00a0\u00bb css_animation=\u00a0\u00bb\u00a0\u00bb box_shadow_on_row=\u00a0\u00bbno\u00a0\u00bb][vc_column_inner width=\u00a0\u00bb1\/12&Prime;][vc_single_image image=\u00a0\u00bb6472&Prime; img_size=\u00a0\u00bbfull\u00a0\u00bb alignment=\u00a0\u00bbcenter\u00a0\u00bb edgt_css_animation=\u00a0\u00bb\u00a0\u00bb][\/vc_column_inner][vc_column_inner width=\u00a0\u00bb11\/12&Prime;][vc_column_text]L\u2019utilisation de mat\u00e9riel d\u2019\u00e9criture autre que crayons \u00e0 papier est interdite dans les salles d\u2019exposition. (Des crayons sont disponibles au pr\u00eat \u00e0 l\u2019accueil du mus\u00e9e.)[\/vc_column_text][\/vc_column_inner][\/vc_row_inner][vc_empty_space image_repeat=\u00a0\u00bbno-repeat\u00a0\u00bb][vc_row_inner row_type=\u00a0\u00bbrow\u00a0\u00bb type=\u00a0\u00bbfull_width\u00a0\u00bb use_row_as_full_screen_section_slide=\u00a0\u00bbno\u00a0\u00bb text_align=\u00a0\u00bbleft\u00a0\u00bb css_animation=\u00a0\u00bb\u00a0\u00bb box_shadow_on_row=\u00a0\u00bbno\u00a0\u00bb][vc_column_inner width=\u00a0\u00bb1\/12&Prime;][vc_single_image image=\u00a0\u00bb6473&Prime; img_size=\u00a0\u00bbfull\u00a0\u00bb alignment=\u00a0\u00bbcenter\u00a0\u00bb edgt_css_animation=\u00a0\u00bb\u00a0\u00bb][\/vc_column_inner][vc_column_inner width=\u00a0\u00bb11\/12&Prime;][vc_column_text]Veuillez ne toucher ni les \u0153uvres expos\u00e9es ni les bo\u00eetes en contenant.[\/vc_column_text][\/vc_column_inner][\/vc_row_inner][vc_empty_space image_repeat=\u00a0\u00bbno-repeat\u00a0\u00bb][vc_row_inner row_type=\u00a0\u00bbrow\u00a0\u00bb type=\u00a0\u00bbfull_width\u00a0\u00bb use_row_as_full_screen_section_slide=\u00a0\u00bbno\u00a0\u00bb text_align=\u00a0\u00bbleft\u00a0\u00bb css_animation=\u00a0\u00bb\u00a0\u00bb box_shadow_on_row=\u00a0\u00bbno\u00a0\u00bb][vc_column_inner width=\u00a0\u00bb1\/12&Prime;][vc_single_image image=\u00a0\u00bb6474&Prime; img_size=\u00a0\u00bbfull\u00a0\u00bb alignment=\u00a0\u00bbcenter\u00a0\u00bb edgt_css_animation=\u00a0\u00bb\u00a0\u00bb][\/vc_column_inner][vc_column_inner width=\u00a0\u00bb11\/12&Prime;][vc_column_text]Veuillez parler \u00e0 voix basse par respect des autres visiteurs.[\/vc_column_text][\/vc_column_inner][\/vc_row_inner][vc_empty_space image_repeat=\u00a0\u00bbno-repeat\u00a0\u00bb][vc_row_inner row_type=\u00a0\u00bbrow\u00a0\u00bb type=\u00a0\u00bbfull_width\u00a0\u00bb use_row_as_full_screen_section_slide=\u00a0\u00bbno\u00a0\u00bb text_align=\u00a0\u00bbleft\u00a0\u00bb css_animation=\u00a0\u00bb\u00a0\u00bb box_shadow_on_row=\u00a0\u00bbno\u00a0\u00bb][vc_column_inner width=\u00a0\u00bb1\/12&Prime;][vc_single_image image=\u00a0\u00bb6475&Prime; img_size=\u00a0\u00bbfull\u00a0\u00bb alignment=\u00a0\u00bbcenter\u00a0\u00bb edgt_css_animation=\u00a0\u00bb\u00a0\u00bb][\/vc_column_inner][vc_column_inner width=\u00a0\u00bb11\/12&Prime;][vc_column_text]L\u2019entr\u00e9e au mus\u00e9e est interdite aux visiteurs accompagn\u00e9s d\u2019animaux de compagnie, en possession de plantes ou d\u2019objets dangereux (\u00e0 l\u2019exception des chiens guides d\u2019aveugles, de sourds ou d\u2019assistance).[\/vc_column_text][\/vc_column_inner][\/vc_row_inner][vc_empty_space image_repeat=\u00a0\u00bbno-repeat\u00a0\u00bb][vc_column_text]Veuillez respecter toute autre consigne donn\u00e9e par le personnel du mus\u00e9e.[\/vc_column_text][\/vc_column][\/vc_row][vc_row row_type=\u00a0\u00bbrow\u00a0\u00bb use_row_as_full_screen_section=\u00a0\u00bbno\u00a0\u00bb type=\u00a0\u00bbfull_width\u00a0\u00bb text_align=\u00a0\u00bbleft\u00a0\u00bb css_animation=\u00a0\u00bb\u00a0\u00bb box_shadow_on_row=\u00a0\u00bbno\u00a0\u00bb][vc_column][\/vc_column][\/vc_row]\n<\/div>","protected":false},"excerpt":{"rendered":"<p>[vc_row row_type=\u00a0\u00bbrow\u00a0\u00bb use_row_as_full_screen_section=\u00a0\u00bbno\u00a0\u00bb type=\u00a0\u00bbfull_width\u00a0\u00bb text_align=\u00a0\u00bbleft\u00a0\u00bb css_animation=\u00a0\u00bb\u00a0\u00bb box_shadow_on_row=\u00a0\u00bbno\u00a0\u00bb][vc_column][vc_column_text] \uff0aOur Efforts against the Spread of the Coronavirus (COVID-19) Acc\u00e8s\u30fbplan Le mus\u00e9e du papier se situe dans le parc Asukayama de l\u2019arrondissement de Kita de Tokyo. La gare JR la plus proche est celle d\u2019\u014cji, environ 20 minutes&#8230;<\/p>\n","protected":false},"author":4,"featured_media":0,"parent":0,"menu_order":2,"comment_status":"closed","ping_status":"closed","template":"","meta":{"_mc_calendar":[],"footnotes":""},"class_list":["post-6730","page","type-page","status-publish","hentry"],"yoast_head":"<!-- This site is optimized with the Yoast SEO plugin v27.3 - https:\/\/yoast.com\/product\/yoast-seo-wordpress\/ -->\n<title>Horaires d\u2019ouverture - \u7d19\u306e\u535a\u7269\u9928<\/title>\n<meta name=\"robots\" content=\"noindex, follow, max-snippet:-1, max-image-preview:large, max-video-preview:-1\" \/>\n<meta property=\"og:locale\" content=\"fr_FR\" \/>\n<meta property=\"og:type\" content=\"article\" \/>\n<meta property=\"og:title\" content=\"Horaires d\u2019ouverture - \u7d19\u306e\u535a\u7269\u9928\" \/>\n<meta property=\"og:description\" content=\"[vc_row row_type=\u00a0\u00bbrow\u00a0\u00bb use_row_as_full_screen_section=\u00a0\u00bbno\u00a0\u00bb type=\u00a0\u00bbfull_width\u00a0\u00bb text_align=\u00a0\u00bbleft\u00a0\u00bb css_animation=\u00a0\u00bb\u00a0\u00bb box_shadow_on_row=\u00a0\u00bbno\u00a0\u00bb][vc_column][vc_column_text] \uff0aOur Efforts against the Spread of the Coronavirus (COVID-19) Acc\u00e8s\u30fbplan Le mus\u00e9e du papier se situe dans le parc Asukayama de l\u2019arrondissement de Kita de Tokyo. La gare JR la plus proche est celle d\u2019\u014cji, environ 20 minutes...\" \/>\n<meta property=\"og:url\" content=\"https:\/\/stage10.roundup-server.biz\/fr\/horaires-douverture\/\" \/>\n<meta property=\"og:site_name\" content=\"\u7d19\u306e\u535a\u7269\u9928\" \/>\n<meta property=\"article:modified_time\" content=\"2023-07-21T01:11:41+00:00\" \/>\n<meta property=\"og:image\" content=\"https:\/\/stage10.roundup-server.biz\/wp-content\/uploads\/2018\/10\/Map-FR.png\" \/>\n<meta name=\"twitter:card\" content=\"summary_large_image\" \/>\n<meta name=\"twitter:label1\" content=\"Dur\u00e9e de lecture estim\u00e9e\" \/>\n\t<meta name=\"twitter:data1\" content=\"18 minutes\" \/>\n<script type=\"application\/ld+json\" class=\"yoast-schema-graph\">{\"@context\":\"https:\\\/\\\/schema.org\",\"@graph\":[{\"@type\":\"WebPage\",\"@id\":\"https:\\\/\\\/stage10.roundup-server.biz\\\/fr\\\/horaires-douverture\\\/\",\"url\":\"https:\\\/\\\/stage10.roundup-server.biz\\\/fr\\\/horaires-douverture\\\/\",\"name\":\"Horaires d\u2019ouverture - \u7d19\u306e\u535a\u7269\u9928\",\"isPartOf\":{\"@id\":\"https:\\\/\\\/stage10.roundup-server.biz\\\/fr\\\/#website\"},\"primaryImageOfPage\":{\"@id\":\"https:\\\/\\\/stage10.roundup-server.biz\\\/fr\\\/horaires-douverture\\\/#primaryimage\"},\"image\":{\"@id\":\"https:\\\/\\\/stage10.roundup-server.biz\\\/fr\\\/horaires-douverture\\\/#primaryimage\"},\"thumbnailUrl\":\"https:\\\/\\\/stage10.roundup-server.biz\\\/wp-content\\\/uploads\\\/2018\\\/10\\\/Map-FR.png\",\"datePublished\":\"2018-10-26T07:33:58+00:00\",\"dateModified\":\"2023-07-21T01:11:41+00:00\",\"breadcrumb\":{\"@id\":\"https:\\\/\\\/stage10.roundup-server.biz\\\/fr\\\/horaires-douverture\\\/#breadcrumb\"},\"inLanguage\":\"fr-FR\",\"potentialAction\":[{\"@type\":\"ReadAction\",\"target\":[\"https:\\\/\\\/stage10.roundup-server.biz\\\/fr\\\/horaires-douverture\\\/\"]}]},{\"@type\":\"ImageObject\",\"inLanguage\":\"fr-FR\",\"@id\":\"https:\\\/\\\/stage10.roundup-server.biz\\\/fr\\\/horaires-douverture\\\/#primaryimage\",\"url\":\"https:\\\/\\\/stage10.roundup-server.biz\\\/wp-content\\\/uploads\\\/2018\\\/10\\\/Map-FR.png\",\"contentUrl\":\"https:\\\/\\\/stage10.roundup-server.biz\\\/wp-content\\\/uploads\\\/2018\\\/10\\\/Map-FR.png\"},{\"@type\":\"BreadcrumbList\",\"@id\":\"https:\\\/\\\/stage10.roundup-server.biz\\\/fr\\\/horaires-douverture\\\/#breadcrumb\",\"itemListElement\":[{\"@type\":\"ListItem\",\"position\":1,\"name\":\"Home\",\"item\":\"https:\\\/\\\/stage10.roundup-server.biz\\\/fr\\\/\"},{\"@type\":\"ListItem\",\"position\":2,\"name\":\"Horaires d\u2019ouverture\"}]},{\"@type\":\"WebSite\",\"@id\":\"https:\\\/\\\/stage10.roundup-server.biz\\\/fr\\\/#website\",\"url\":\"https:\\\/\\\/stage10.roundup-server.biz\\\/fr\\\/\",\"name\":\"\u7d19\u306e\u535a\u7269\u9928\",\"description\":\"\u6771\u4eac\u738b\u5b50\u306b\u3042\u308b\u4e16\u754c\u6709\u6570\u306e\u7d19\u5c02\u9580\u306e\u535a\u7269\u9928\u3067\u3059\u3002\u7d19\u3059\u304d\u6559\u5ba4\u304c\u4eba\u6c17\u3002\",\"publisher\":{\"@id\":\"https:\\\/\\\/stage10.roundup-server.biz\\\/fr\\\/#organization\"},\"potentialAction\":[{\"@type\":\"SearchAction\",\"target\":{\"@type\":\"EntryPoint\",\"urlTemplate\":\"https:\\\/\\\/stage10.roundup-server.biz\\\/fr\\\/?s={search_term_string}\"},\"query-input\":{\"@type\":\"PropertyValueSpecification\",\"valueRequired\":true,\"valueName\":\"search_term_string\"}}],\"inLanguage\":\"fr-FR\"},{\"@type\":\"Organization\",\"@id\":\"https:\\\/\\\/stage10.roundup-server.biz\\\/fr\\\/#organization\",\"name\":\"\u516c\u76ca\u8ca1\u56e3\u6cd5\u4eba\u7d19\u306e\u535a\u7269\u9928\",\"url\":\"https:\\\/\\\/stage10.roundup-server.biz\\\/fr\\\/\",\"logo\":{\"@type\":\"ImageObject\",\"inLanguage\":\"fr-FR\",\"@id\":\"https:\\\/\\\/stage10.roundup-server.biz\\\/fr\\\/#\\\/schema\\\/logo\\\/image\\\/\",\"url\":\"https:\\\/\\\/stage10.roundup-server.biz\\\/wp-content\\\/uploads\\\/2018\\\/04\\\/logo-btm_91-e1550738440706.png\",\"contentUrl\":\"https:\\\/\\\/stage10.roundup-server.biz\\\/wp-content\\\/uploads\\\/2018\\\/04\\\/logo-btm_91-e1550738440706.png\",\"width\":479,\"height\":137,\"caption\":\"\u516c\u76ca\u8ca1\u56e3\u6cd5\u4eba\u7d19\u306e\u535a\u7269\u9928\"},\"image\":{\"@id\":\"https:\\\/\\\/stage10.roundup-server.biz\\\/fr\\\/#\\\/schema\\\/logo\\\/image\\\/\"}}]}<\/script>\n<!-- \/ Yoast SEO plugin. -->","yoast_head_json":{"title":"Horaires d\u2019ouverture - \u7d19\u306e\u535a\u7269\u9928","robots":{"index":"noindex","follow":"follow","max-snippet":"max-snippet:-1","max-image-preview":"max-image-preview:large","max-video-preview":"max-video-preview:-1"},"og_locale":"fr_FR","og_type":"article","og_title":"Horaires d\u2019ouverture - \u7d19\u306e\u535a\u7269\u9928","og_description":"[vc_row row_type=\u00a0\u00bbrow\u00a0\u00bb use_row_as_full_screen_section=\u00a0\u00bbno\u00a0\u00bb type=\u00a0\u00bbfull_width\u00a0\u00bb text_align=\u00a0\u00bbleft\u00a0\u00bb css_animation=\u00a0\u00bb\u00a0\u00bb box_shadow_on_row=\u00a0\u00bbno\u00a0\u00bb][vc_column][vc_column_text] \uff0aOur Efforts against the Spread of the Coronavirus (COVID-19) Acc\u00e8s\u30fbplan Le mus\u00e9e du papier se situe dans le parc Asukayama de l\u2019arrondissement de Kita de Tokyo. La gare JR la plus proche est celle d\u2019\u014cji, environ 20 minutes...","og_url":"https:\/\/stage10.roundup-server.biz\/fr\/horaires-douverture\/","og_site_name":"\u7d19\u306e\u535a\u7269\u9928","article_modified_time":"2023-07-21T01:11:41+00:00","og_image":[{"url":"https:\/\/stage10.roundup-server.biz\/wp-content\/uploads\/2018\/10\/Map-FR.png","type":"","width":"","height":""}],"twitter_card":"summary_large_image","twitter_misc":{"Dur\u00e9e de lecture estim\u00e9e":"18 minutes"},"schema":{"@context":"https:\/\/schema.org","@graph":[{"@type":"WebPage","@id":"https:\/\/stage10.roundup-server.biz\/fr\/horaires-douverture\/","url":"https:\/\/stage10.roundup-server.biz\/fr\/horaires-douverture\/","name":"Horaires d\u2019ouverture - \u7d19\u306e\u535a\u7269\u9928","isPartOf":{"@id":"https:\/\/stage10.roundup-server.biz\/fr\/#website"},"primaryImageOfPage":{"@id":"https:\/\/stage10.roundup-server.biz\/fr\/horaires-douverture\/#primaryimage"},"image":{"@id":"https:\/\/stage10.roundup-server.biz\/fr\/horaires-douverture\/#primaryimage"},"thumbnailUrl":"https:\/\/stage10.roundup-server.biz\/wp-content\/uploads\/2018\/10\/Map-FR.png","datePublished":"2018-10-26T07:33:58+00:00","dateModified":"2023-07-21T01:11:41+00:00","breadcrumb":{"@id":"https:\/\/stage10.roundup-server.biz\/fr\/horaires-douverture\/#breadcrumb"},"inLanguage":"fr-FR","potentialAction":[{"@type":"ReadAction","target":["https:\/\/stage10.roundup-server.biz\/fr\/horaires-douverture\/"]}]},{"@type":"ImageObject","inLanguage":"fr-FR","@id":"https:\/\/stage10.roundup-server.biz\/fr\/horaires-douverture\/#primaryimage","url":"https:\/\/stage10.roundup-server.biz\/wp-content\/uploads\/2018\/10\/Map-FR.png","contentUrl":"https:\/\/stage10.roundup-server.biz\/wp-content\/uploads\/2018\/10\/Map-FR.png"},{"@type":"BreadcrumbList","@id":"https:\/\/stage10.roundup-server.biz\/fr\/horaires-douverture\/#breadcrumb","itemListElement":[{"@type":"ListItem","position":1,"name":"Home","item":"https:\/\/stage10.roundup-server.biz\/fr\/"},{"@type":"ListItem","position":2,"name":"Horaires d\u2019ouverture"}]},{"@type":"WebSite","@id":"https:\/\/stage10.roundup-server.biz\/fr\/#website","url":"https:\/\/stage10.roundup-server.biz\/fr\/","name":"\u7d19\u306e\u535a\u7269\u9928","description":"\u6771\u4eac\u738b\u5b50\u306b\u3042\u308b\u4e16\u754c\u6709\u6570\u306e\u7d19\u5c02\u9580\u306e\u535a\u7269\u9928\u3067\u3059\u3002\u7d19\u3059\u304d\u6559\u5ba4\u304c\u4eba\u6c17\u3002","publisher":{"@id":"https:\/\/stage10.roundup-server.biz\/fr\/#organization"},"potentialAction":[{"@type":"SearchAction","target":{"@type":"EntryPoint","urlTemplate":"https:\/\/stage10.roundup-server.biz\/fr\/?s={search_term_string}"},"query-input":{"@type":"PropertyValueSpecification","valueRequired":true,"valueName":"search_term_string"}}],"inLanguage":"fr-FR"},{"@type":"Organization","@id":"https:\/\/stage10.roundup-server.biz\/fr\/#organization","name":"\u516c\u76ca\u8ca1\u56e3\u6cd5\u4eba\u7d19\u306e\u535a\u7269\u9928","url":"https:\/\/stage10.roundup-server.biz\/fr\/","logo":{"@type":"ImageObject","inLanguage":"fr-FR","@id":"https:\/\/stage10.roundup-server.biz\/fr\/#\/schema\/logo\/image\/","url":"https:\/\/stage10.roundup-server.biz\/wp-content\/uploads\/2018\/04\/logo-btm_91-e1550738440706.png","contentUrl":"https:\/\/stage10.roundup-server.biz\/wp-content\/uploads\/2018\/04\/logo-btm_91-e1550738440706.png","width":479,"height":137,"caption":"\u516c\u76ca\u8ca1\u56e3\u6cd5\u4eba\u7d19\u306e\u535a\u7269\u9928"},"image":{"@id":"https:\/\/stage10.roundup-server.biz\/fr\/#\/schema\/logo\/image\/"}}]}},"_links":{"self":[{"href":"https:\/\/stage10.roundup-server.biz\/fr\/wp-json\/wp\/v2\/pages\/6730","targetHints":{"allow":["GET"]}}],"collection":[{"href":"https:\/\/stage10.roundup-server.biz\/fr\/wp-json\/wp\/v2\/pages"}],"about":[{"href":"https:\/\/stage10.roundup-server.biz\/fr\/wp-json\/wp\/v2\/types\/page"}],"author":[{"embeddable":true,"href":"https:\/\/stage10.roundup-server.biz\/fr\/wp-json\/wp\/v2\/users\/4"}],"replies":[{"embeddable":true,"href":"https:\/\/stage10.roundup-server.biz\/fr\/wp-json\/wp\/v2\/comments?post=6730"}],"version-history":[{"count":19,"href":"https:\/\/stage10.roundup-server.biz\/fr\/wp-json\/wp\/v2\/pages\/6730\/revisions"}],"predecessor-version":[{"id":17827,"href":"https:\/\/stage10.roundup-server.biz\/fr\/wp-json\/wp\/v2\/pages\/6730\/revisions\/17827"}],"wp:attachment":[{"href":"https:\/\/stage10.roundup-server.biz\/fr\/wp-json\/wp\/v2\/media?parent=6730"}],"curies":[{"name":"wp","href":"https:\/\/api.w.org\/{rel}","templated":true}]}}