{"id":6913,"date":"2018-10-27T01:18:09","date_gmt":"2018-10-26T16:18:09","guid":{"rendered":"http:\/\/stage04.b-gone.com\/%e7%b4%99%e3%81%ae%e5%8d%9a%e7%89%a9%e9%a4%a8%e3%81%ab%e3%81%a4%e3%81%84%e3%81%a6\/"},"modified":"2018-11-01T13:52:58","modified_gmt":"2018-11-01T04:52:58","slug":"a-propos-du-musee-du-papier","status":"publish","type":"page","link":"https:\/\/stage10.roundup-server.biz\/fr\/a-propos-du-musee-du-papier\/","title":{"rendered":"\u00c0 propos du mus\u00e9e du papier"},"content":{"rendered":"<div class=\"wpb-content-wrapper\">[vc_row row_type=\u00a0\u00bbrow\u00a0\u00bb use_row_as_full_screen_section=\u00a0\u00bbno\u00a0\u00bb type=\u00a0\u00bbfull_width\u00a0\u00bb text_align=\u00a0\u00bbleft\u00a0\u00bb css_animation=\u00a0\u00bb\u00a0\u00bb box_shadow_on_row=\u00a0\u00bbno\u00a0\u00bb][vc_column][vc_column_text]Le mus\u00e9e du papier pr\u00e9sente les deux facettes de l&rsquo;histoire, de la culture et de l&rsquo;industrie du papier au Japon. D\u2019une part, celle du papier traditionnel japonais, le \u00ab washi \u00bb, et d\u2019autre part, celle du papier occidental, l&rsquo;un des piliers du d\u00e9veloppement de l&rsquo;\u00e9conomie japonaise moderne. Avec pas moins de 40 000 documents et 15 000 livres mis \u00e0 disposition du public, c&rsquo;est l&rsquo;un des rares mus\u00e9es au monde permettant d&rsquo;en apprendre plus sur le papier.<\/p>\n<p>Le mus\u00e9e du papier a \u00e9t\u00e9 inaugur\u00e9 le 8 juin 1950 (an 25 de l&rsquo;\u00e8re Sh\u014dwa) \u00e0 Tokyo, dans le quartier d\u2019\u014cji de l\u2019arrondissement de Kita, connu pour \u00eatre le \u00ab&nbsp;berceau de la papeterie occidentale&nbsp;\u00bb au Japon. En effet, c\u2019est \u00e0 \u014cji que la compagnie Shoshi Kaisha (devenue plus tard Oji Paper) a implant\u00e9 la premi\u00e8re usine moderne de papeterie du Japon au d\u00e9but de l\u2019\u00e8re Meiji.<\/p>\n<p>En 1949 (an 24 de l&rsquo;\u00e8re Sh\u014dwa), l\u2019entreprise Oji Paper fut divis\u00e9e en trois soci\u00e9t\u00e9s, Tomakomai Paper, Jujo Paper et Honshu Paper, suite \u00e0 la mise en vigueur de la loi de d\u00e9membrement des entreprises concentrant un pouvoir \u00e9conomique excessif instaur\u00e9e pendant l\u2019occupation. \u00c0 cette occasion, Oji Paper ouvrit au public une salle de ses archives sur l\u2019industrie de la papeterie en 1950, puis, cr\u00e9a l\u2019anc\u00eatre du mus\u00e9e du papier, le \u00ab mus\u00e9e comm\u00e9moratif de la papeterie \u00bb en lieu et place du b\u00e2timent abritant la salle \u00e9lectrique, seul rescap\u00e9 de l\u2019usine d\u2019\u014cji, afin de contribuer \u00e0 l\u2019\u00e9ducation du plus grand public.<\/p>\n<p>Suite \u00e0 la construction de la portion de la ceinture p\u00e9riph\u00e9rique centrale passant par \u014cji, l\u2019ancien site de l\u2019usine a d\u00fb \u00eatre abandonn\u00e9 en 1998 (an 10 de l&rsquo;\u00e8re Heisei), et le mus\u00e9e a r\u00e9ouvert ses portes dans le Parc Asukayama, devenant ainsi l\u2019un des \u00ab&nbsp;3 mus\u00e9es d\u2019Asukayama&nbsp;\u00bb. Aujourd\u2019hui, le mus\u00e9e est dirig\u00e9 avec le soutien et la coop\u00e9ration de nombreuses entreprises issues principalement de l\u2019industrie papeti\u00e8re.[\/vc_column_text][\/vc_column][\/vc_row]\n<\/div>","protected":false},"excerpt":{"rendered":"<p>[vc_row row_type=\u00a0\u00bbrow\u00a0\u00bb use_row_as_full_screen_section=\u00a0\u00bbno\u00a0\u00bb type=\u00a0\u00bbfull_width\u00a0\u00bb text_align=\u00a0\u00bbleft\u00a0\u00bb css_animation=\u00a0\u00bb\u00a0\u00bb box_shadow_on_row=\u00a0\u00bbno\u00a0\u00bb][vc_column][vc_column_text]Le mus\u00e9e du papier pr\u00e9sente les deux facettes de l&rsquo;histoire, de la culture et de l&rsquo;industrie du papier au Japon. D\u2019une part, celle du papier traditionnel japonais, le \u00ab washi \u00bb, et d\u2019autre part, celle du papier occidental, l&rsquo;un&#8230;<\/p>\n","protected":false},"author":4,"featured_media":0,"parent":0,"menu_order":20,"comment_status":"closed","ping_status":"closed","template":"","meta":{"_mc_calendar":[],"footnotes":""},"class_list":["post-6913","page","type-page","status-publish","hentry"],"yoast_head":"<!-- This site is optimized with the Yoast SEO plugin v27.3 - https:\/\/yoast.com\/product\/yoast-seo-wordpress\/ -->\n<title>\u00c0 propos du mus\u00e9e du papier - \u7d19\u306e\u535a\u7269\u9928<\/title>\n<meta name=\"robots\" content=\"noindex, follow, max-snippet:-1, max-image-preview:large, max-video-preview:-1\" \/>\n<meta property=\"og:locale\" content=\"fr_FR\" \/>\n<meta property=\"og:type\" content=\"article\" \/>\n<meta property=\"og:title\" content=\"\u00c0 propos du mus\u00e9e du papier - \u7d19\u306e\u535a\u7269\u9928\" \/>\n<meta property=\"og:description\" content=\"[vc_row row_type=\u00a0\u00bbrow\u00a0\u00bb use_row_as_full_screen_section=\u00a0\u00bbno\u00a0\u00bb type=\u00a0\u00bbfull_width\u00a0\u00bb text_align=\u00a0\u00bbleft\u00a0\u00bb css_animation=\u00a0\u00bb\u00a0\u00bb box_shadow_on_row=\u00a0\u00bbno\u00a0\u00bb][vc_column][vc_column_text]Le mus\u00e9e du papier pr\u00e9sente les deux facettes de l&rsquo;histoire, de la culture et de l&rsquo;industrie du papier au Japon. D\u2019une part, celle du papier traditionnel japonais, le \u00ab washi \u00bb, et d\u2019autre part, celle du papier occidental, l&rsquo;un...\" \/>\n<meta property=\"og:url\" content=\"https:\/\/stage10.roundup-server.biz\/fr\/a-propos-du-musee-du-papier\/\" \/>\n<meta property=\"og:site_name\" content=\"\u7d19\u306e\u535a\u7269\u9928\" \/>\n<meta property=\"article:modified_time\" content=\"2018-11-01T04:52:58+00:00\" \/>\n<meta name=\"twitter:card\" content=\"summary_large_image\" \/>\n<meta name=\"twitter:label1\" content=\"Dur\u00e9e de lecture estim\u00e9e\" \/>\n\t<meta name=\"twitter:data1\" content=\"2 minutes\" \/>\n<script type=\"application\/ld+json\" class=\"yoast-schema-graph\">{\"@context\":\"https:\\\/\\\/schema.org\",\"@graph\":[{\"@type\":\"WebPage\",\"@id\":\"https:\\\/\\\/stage10.roundup-server.biz\\\/fr\\\/a-propos-du-musee-du-papier\\\/\",\"url\":\"https:\\\/\\\/stage10.roundup-server.biz\\\/fr\\\/a-propos-du-musee-du-papier\\\/\",\"name\":\"\u00c0 propos du mus\u00e9e du papier - \u7d19\u306e\u535a\u7269\u9928\",\"isPartOf\":{\"@id\":\"https:\\\/\\\/stage10.roundup-server.biz\\\/fr\\\/#website\"},\"datePublished\":\"2018-10-26T16:18:09+00:00\",\"dateModified\":\"2018-11-01T04:52:58+00:00\",\"breadcrumb\":{\"@id\":\"https:\\\/\\\/stage10.roundup-server.biz\\\/fr\\\/a-propos-du-musee-du-papier\\\/#breadcrumb\"},\"inLanguage\":\"fr-FR\",\"potentialAction\":[{\"@type\":\"ReadAction\",\"target\":[\"https:\\\/\\\/stage10.roundup-server.biz\\\/fr\\\/a-propos-du-musee-du-papier\\\/\"]}]},{\"@type\":\"BreadcrumbList\",\"@id\":\"https:\\\/\\\/stage10.roundup-server.biz\\\/fr\\\/a-propos-du-musee-du-papier\\\/#breadcrumb\",\"itemListElement\":[{\"@type\":\"ListItem\",\"position\":1,\"name\":\"Home\",\"item\":\"https:\\\/\\\/stage10.roundup-server.biz\\\/fr\\\/\"},{\"@type\":\"ListItem\",\"position\":2,\"name\":\"\u00c0 propos du mus\u00e9e du papier\"}]},{\"@type\":\"WebSite\",\"@id\":\"https:\\\/\\\/stage10.roundup-server.biz\\\/fr\\\/#website\",\"url\":\"https:\\\/\\\/stage10.roundup-server.biz\\\/fr\\\/\",\"name\":\"\u7d19\u306e\u535a\u7269\u9928\",\"description\":\"\u6771\u4eac\u738b\u5b50\u306b\u3042\u308b\u4e16\u754c\u6709\u6570\u306e\u7d19\u5c02\u9580\u306e\u535a\u7269\u9928\u3067\u3059\u3002\u7d19\u3059\u304d\u6559\u5ba4\u304c\u4eba\u6c17\u3002\",\"publisher\":{\"@id\":\"https:\\\/\\\/stage10.roundup-server.biz\\\/fr\\\/#organization\"},\"potentialAction\":[{\"@type\":\"SearchAction\",\"target\":{\"@type\":\"EntryPoint\",\"urlTemplate\":\"https:\\\/\\\/stage10.roundup-server.biz\\\/fr\\\/?s={search_term_string}\"},\"query-input\":{\"@type\":\"PropertyValueSpecification\",\"valueRequired\":true,\"valueName\":\"search_term_string\"}}],\"inLanguage\":\"fr-FR\"},{\"@type\":\"Organization\",\"@id\":\"https:\\\/\\\/stage10.roundup-server.biz\\\/fr\\\/#organization\",\"name\":\"\u516c\u76ca\u8ca1\u56e3\u6cd5\u4eba\u7d19\u306e\u535a\u7269\u9928\",\"url\":\"https:\\\/\\\/stage10.roundup-server.biz\\\/fr\\\/\",\"logo\":{\"@type\":\"ImageObject\",\"inLanguage\":\"fr-FR\",\"@id\":\"https:\\\/\\\/stage10.roundup-server.biz\\\/fr\\\/#\\\/schema\\\/logo\\\/image\\\/\",\"url\":\"https:\\\/\\\/stage10.roundup-server.biz\\\/wp-content\\\/uploads\\\/2018\\\/04\\\/logo-btm_91-e1550738440706.png\",\"contentUrl\":\"https:\\\/\\\/stage10.roundup-server.biz\\\/wp-content\\\/uploads\\\/2018\\\/04\\\/logo-btm_91-e1550738440706.png\",\"width\":479,\"height\":137,\"caption\":\"\u516c\u76ca\u8ca1\u56e3\u6cd5\u4eba\u7d19\u306e\u535a\u7269\u9928\"},\"image\":{\"@id\":\"https:\\\/\\\/stage10.roundup-server.biz\\\/fr\\\/#\\\/schema\\\/logo\\\/image\\\/\"}}]}<\/script>\n<!-- \/ Yoast SEO plugin. -->","yoast_head_json":{"title":"\u00c0 propos du mus\u00e9e du papier - \u7d19\u306e\u535a\u7269\u9928","robots":{"index":"noindex","follow":"follow","max-snippet":"max-snippet:-1","max-image-preview":"max-image-preview:large","max-video-preview":"max-video-preview:-1"},"og_locale":"fr_FR","og_type":"article","og_title":"\u00c0 propos du mus\u00e9e du papier - \u7d19\u306e\u535a\u7269\u9928","og_description":"[vc_row row_type=\u00a0\u00bbrow\u00a0\u00bb use_row_as_full_screen_section=\u00a0\u00bbno\u00a0\u00bb type=\u00a0\u00bbfull_width\u00a0\u00bb text_align=\u00a0\u00bbleft\u00a0\u00bb css_animation=\u00a0\u00bb\u00a0\u00bb box_shadow_on_row=\u00a0\u00bbno\u00a0\u00bb][vc_column][vc_column_text]Le mus\u00e9e du papier pr\u00e9sente les deux facettes de l&rsquo;histoire, de la culture et de l&rsquo;industrie du papier au Japon. D\u2019une part, celle du papier traditionnel japonais, le \u00ab washi \u00bb, et d\u2019autre part, celle du papier occidental, l&rsquo;un...","og_url":"https:\/\/stage10.roundup-server.biz\/fr\/a-propos-du-musee-du-papier\/","og_site_name":"\u7d19\u306e\u535a\u7269\u9928","article_modified_time":"2018-11-01T04:52:58+00:00","twitter_card":"summary_large_image","twitter_misc":{"Dur\u00e9e de lecture estim\u00e9e":"2 minutes"},"schema":{"@context":"https:\/\/schema.org","@graph":[{"@type":"WebPage","@id":"https:\/\/stage10.roundup-server.biz\/fr\/a-propos-du-musee-du-papier\/","url":"https:\/\/stage10.roundup-server.biz\/fr\/a-propos-du-musee-du-papier\/","name":"\u00c0 propos du mus\u00e9e du papier - \u7d19\u306e\u535a\u7269\u9928","isPartOf":{"@id":"https:\/\/stage10.roundup-server.biz\/fr\/#website"},"datePublished":"2018-10-26T16:18:09+00:00","dateModified":"2018-11-01T04:52:58+00:00","breadcrumb":{"@id":"https:\/\/stage10.roundup-server.biz\/fr\/a-propos-du-musee-du-papier\/#breadcrumb"},"inLanguage":"fr-FR","potentialAction":[{"@type":"ReadAction","target":["https:\/\/stage10.roundup-server.biz\/fr\/a-propos-du-musee-du-papier\/"]}]},{"@type":"BreadcrumbList","@id":"https:\/\/stage10.roundup-server.biz\/fr\/a-propos-du-musee-du-papier\/#breadcrumb","itemListElement":[{"@type":"ListItem","position":1,"name":"Home","item":"https:\/\/stage10.roundup-server.biz\/fr\/"},{"@type":"ListItem","position":2,"name":"\u00c0 propos du mus\u00e9e du papier"}]},{"@type":"WebSite","@id":"https:\/\/stage10.roundup-server.biz\/fr\/#website","url":"https:\/\/stage10.roundup-server.biz\/fr\/","name":"\u7d19\u306e\u535a\u7269\u9928","description":"\u6771\u4eac\u738b\u5b50\u306b\u3042\u308b\u4e16\u754c\u6709\u6570\u306e\u7d19\u5c02\u9580\u306e\u535a\u7269\u9928\u3067\u3059\u3002\u7d19\u3059\u304d\u6559\u5ba4\u304c\u4eba\u6c17\u3002","publisher":{"@id":"https:\/\/stage10.roundup-server.biz\/fr\/#organization"},"potentialAction":[{"@type":"SearchAction","target":{"@type":"EntryPoint","urlTemplate":"https:\/\/stage10.roundup-server.biz\/fr\/?s={search_term_string}"},"query-input":{"@type":"PropertyValueSpecification","valueRequired":true,"valueName":"search_term_string"}}],"inLanguage":"fr-FR"},{"@type":"Organization","@id":"https:\/\/stage10.roundup-server.biz\/fr\/#organization","name":"\u516c\u76ca\u8ca1\u56e3\u6cd5\u4eba\u7d19\u306e\u535a\u7269\u9928","url":"https:\/\/stage10.roundup-server.biz\/fr\/","logo":{"@type":"ImageObject","inLanguage":"fr-FR","@id":"https:\/\/stage10.roundup-server.biz\/fr\/#\/schema\/logo\/image\/","url":"https:\/\/stage10.roundup-server.biz\/wp-content\/uploads\/2018\/04\/logo-btm_91-e1550738440706.png","contentUrl":"https:\/\/stage10.roundup-server.biz\/wp-content\/uploads\/2018\/04\/logo-btm_91-e1550738440706.png","width":479,"height":137,"caption":"\u516c\u76ca\u8ca1\u56e3\u6cd5\u4eba\u7d19\u306e\u535a\u7269\u9928"},"image":{"@id":"https:\/\/stage10.roundup-server.biz\/fr\/#\/schema\/logo\/image\/"}}]}},"_links":{"self":[{"href":"https:\/\/stage10.roundup-server.biz\/fr\/wp-json\/wp\/v2\/pages\/6913","targetHints":{"allow":["GET"]}}],"collection":[{"href":"https:\/\/stage10.roundup-server.biz\/fr\/wp-json\/wp\/v2\/pages"}],"about":[{"href":"https:\/\/stage10.roundup-server.biz\/fr\/wp-json\/wp\/v2\/types\/page"}],"author":[{"embeddable":true,"href":"https:\/\/stage10.roundup-server.biz\/fr\/wp-json\/wp\/v2\/users\/4"}],"replies":[{"embeddable":true,"href":"https:\/\/stage10.roundup-server.biz\/fr\/wp-json\/wp\/v2\/comments?post=6913"}],"version-history":[{"count":3,"href":"https:\/\/stage10.roundup-server.biz\/fr\/wp-json\/wp\/v2\/pages\/6913\/revisions"}],"predecessor-version":[{"id":7118,"href":"https:\/\/stage10.roundup-server.biz\/fr\/wp-json\/wp\/v2\/pages\/6913\/revisions\/7118"}],"wp:attachment":[{"href":"https:\/\/stage10.roundup-server.biz\/fr\/wp-json\/wp\/v2\/media?parent=6913"}],"curies":[{"name":"wp","href":"https:\/\/api.w.org\/{rel}","templated":true}]}}