{"id":7213,"date":"2018-11-02T11:30:03","date_gmt":"2018-11-02T02:30:03","guid":{"rendered":"http:\/\/stage04.b-gone.com\/acces\/"},"modified":"2018-11-02T17:20:33","modified_gmt":"2018-11-02T08:20:33","slug":"acces","status":"publish","type":"page","link":"https:\/\/stage10.roundup-server.biz\/fr\/acces\/","title":{"rendered":"Acc\u00e8s"},"content":{"rendered":"<div class=\"wpb-content-wrapper\">[vc_row row_type=\u00a0\u00bbrow\u00a0\u00bb use_row_as_full_screen_section=\u00a0\u00bbno\u00a0\u00bb type=\u00a0\u00bbfull_width\u00a0\u00bb text_align=\u00a0\u00bbleft\u00a0\u00bb css_animation=\u00a0\u00bb\u00a0\u00bb box_shadow_on_row=\u00a0\u00bbno\u00a0\u00bb][vc_column][vc_column_text]\n<h3>En train<\/h3>\n<p>Descendre \u00e0 la gare d\u2019\u014cji sur la ligne JR Keihin-T\u014dhoku et marcher environ 5 minutes depuis la sortie sud.<\/p>\n<p>Descendre \u00e0 la station Nishigahara sur la ligne Nanboku du m\u00e9tro de Tokyo, environ 7 minutes \u00e0 pied.<\/p>\n<h3>En tramway<\/h3>\n<p>Descendre \u00e0 l\u2019arr\u00eat Asukayama du tramway Sakura de Tokyo (ligne Toden-Arakawa), environ 3 minutes \u00e0 pied.<\/p>\n<h3>En bus<\/h3>\n<p>Descendre \u00e0 l\u2019arr\u00eat Asukayama en bus Toei, environ 4 minutes \u00e0 pied.<\/p>\n<p>Descendre \u00e0 l\u2019arr\u00eat Asukayama K\u014den en bus de l\u2019arrondissement de Kita, environ 3 minutes \u00e0 pied.<\/p>\n<p>*Le mus\u00e9e ne poss\u00e8de pas de parking d\u00e9di\u00e9. Veuillez utiliser le parking (payant) du parc Asukayama.<\/p>\n<h3>Acc\u00e8s depuis les principales gares<\/h3>\n<p><img loading=\"lazy\" decoding=\"async\" class=\"aligncenter wp-image-6741 size-full\" src=\"https:\/\/stage10.roundup-server.biz\/wp-content\/uploads\/2018\/10\/Map-FR.png\" alt=\"\" width=\"792\" height=\"997\" srcset=\"https:\/\/stage10.roundup-server.biz\/wp-content\/uploads\/2018\/10\/Map-FR.png 792w, https:\/\/stage10.roundup-server.biz\/wp-content\/uploads\/2018\/10\/Map-FR-238x300.png 238w, https:\/\/stage10.roundup-server.biz\/wp-content\/uploads\/2018\/10\/Map-FR-768x967.png 768w, https:\/\/stage10.roundup-server.biz\/wp-content\/uploads\/2018\/10\/Map-FR-700x881.png 700w\" sizes=\"auto, (max-width: 792px) 100vw, 792px\" \/><\/p>\n<p>*Vous pouvez \u00e9galement venir par la ligne de tramway Toden-Arakawa (arr\u00eat Asukayama) et par bus Toei (arr\u00eat Asukayama).<\/p>\n<p>*Veuillez emprunter la sortie principale de la gare \u014cji sur la ligne JR Keihin-T\u014dhoku pour utiliser l&rsquo;Asuka Park Rail (Asukarugo).<\/p>\n<p>*Le mus\u00e9e ne poss\u00e8de pas de parking d\u00e9di\u00e9.[\/vc_column_text][\/vc_column][\/vc_row]\n<\/div>","protected":false},"excerpt":{"rendered":"<p>[vc_row row_type=\u00a0\u00bbrow\u00a0\u00bb use_row_as_full_screen_section=\u00a0\u00bbno\u00a0\u00bb type=\u00a0\u00bbfull_width\u00a0\u00bb text_align=\u00a0\u00bbleft\u00a0\u00bb css_animation=\u00a0\u00bb\u00a0\u00bb box_shadow_on_row=\u00a0\u00bbno\u00a0\u00bb][vc_column][vc_column_text] En train Descendre \u00e0 la gare d\u2019\u014cji sur la ligne JR Keihin-T\u014dhoku et marcher environ 5 minutes depuis la sortie sud. Descendre \u00e0 la station Nishigahara sur la ligne Nanboku du m\u00e9tro de Tokyo, environ 7 minutes \u00e0&#8230;<\/p>\n","protected":false},"author":4,"featured_media":0,"parent":0,"menu_order":9,"comment_status":"closed","ping_status":"closed","template":"","meta":{"_mc_calendar":[],"footnotes":""},"class_list":["post-7213","page","type-page","status-publish","hentry"],"yoast_head":"<!-- This site is optimized with the Yoast SEO plugin v27.3 - https:\/\/yoast.com\/product\/yoast-seo-wordpress\/ -->\n<title>Acc\u00e8s - \u7d19\u306e\u535a\u7269\u9928<\/title>\n<meta name=\"robots\" content=\"noindex, follow, max-snippet:-1, max-image-preview:large, max-video-preview:-1\" \/>\n<meta property=\"og:locale\" content=\"fr_FR\" \/>\n<meta property=\"og:type\" content=\"article\" \/>\n<meta property=\"og:title\" content=\"Acc\u00e8s - \u7d19\u306e\u535a\u7269\u9928\" \/>\n<meta property=\"og:description\" content=\"[vc_row row_type=\u00a0\u00bbrow\u00a0\u00bb use_row_as_full_screen_section=\u00a0\u00bbno\u00a0\u00bb type=\u00a0\u00bbfull_width\u00a0\u00bb text_align=\u00a0\u00bbleft\u00a0\u00bb css_animation=\u00a0\u00bb\u00a0\u00bb box_shadow_on_row=\u00a0\u00bbno\u00a0\u00bb][vc_column][vc_column_text] En train Descendre \u00e0 la gare d\u2019\u014cji sur la ligne JR Keihin-T\u014dhoku et marcher environ 5 minutes depuis la sortie sud. Descendre \u00e0 la station Nishigahara sur la ligne Nanboku du m\u00e9tro de Tokyo, environ 7 minutes \u00e0...\" \/>\n<meta property=\"og:url\" content=\"https:\/\/stage10.roundup-server.biz\/fr\/acces\/\" \/>\n<meta property=\"og:site_name\" content=\"\u7d19\u306e\u535a\u7269\u9928\" \/>\n<meta property=\"article:modified_time\" content=\"2018-11-02T08:20:33+00:00\" \/>\n<meta property=\"og:image\" content=\"https:\/\/stage10.roundup-server.biz\/wp-content\/uploads\/2018\/10\/Map-FR.png\" \/>\n<meta name=\"twitter:card\" content=\"summary_large_image\" \/>\n<meta name=\"twitter:label1\" content=\"Dur\u00e9e de lecture estim\u00e9e\" \/>\n\t<meta name=\"twitter:data1\" content=\"1 minute\" \/>\n<script type=\"application\/ld+json\" class=\"yoast-schema-graph\">{\"@context\":\"https:\\\/\\\/schema.org\",\"@graph\":[{\"@type\":\"WebPage\",\"@id\":\"https:\\\/\\\/stage10.roundup-server.biz\\\/fr\\\/acces\\\/\",\"url\":\"https:\\\/\\\/stage10.roundup-server.biz\\\/fr\\\/acces\\\/\",\"name\":\"Acc\u00e8s - \u7d19\u306e\u535a\u7269\u9928\",\"isPartOf\":{\"@id\":\"https:\\\/\\\/stage10.roundup-server.biz\\\/fr\\\/#website\"},\"primaryImageOfPage\":{\"@id\":\"https:\\\/\\\/stage10.roundup-server.biz\\\/fr\\\/acces\\\/#primaryimage\"},\"image\":{\"@id\":\"https:\\\/\\\/stage10.roundup-server.biz\\\/fr\\\/acces\\\/#primaryimage\"},\"thumbnailUrl\":\"https:\\\/\\\/stage10.roundup-server.biz\\\/wp-content\\\/uploads\\\/2018\\\/10\\\/Map-FR.png\",\"datePublished\":\"2018-11-02T02:30:03+00:00\",\"dateModified\":\"2018-11-02T08:20:33+00:00\",\"breadcrumb\":{\"@id\":\"https:\\\/\\\/stage10.roundup-server.biz\\\/fr\\\/acces\\\/#breadcrumb\"},\"inLanguage\":\"fr-FR\",\"potentialAction\":[{\"@type\":\"ReadAction\",\"target\":[\"https:\\\/\\\/stage10.roundup-server.biz\\\/fr\\\/acces\\\/\"]}]},{\"@type\":\"ImageObject\",\"inLanguage\":\"fr-FR\",\"@id\":\"https:\\\/\\\/stage10.roundup-server.biz\\\/fr\\\/acces\\\/#primaryimage\",\"url\":\"https:\\\/\\\/stage10.roundup-server.biz\\\/wp-content\\\/uploads\\\/2018\\\/10\\\/Map-FR.png\",\"contentUrl\":\"https:\\\/\\\/stage10.roundup-server.biz\\\/wp-content\\\/uploads\\\/2018\\\/10\\\/Map-FR.png\"},{\"@type\":\"BreadcrumbList\",\"@id\":\"https:\\\/\\\/stage10.roundup-server.biz\\\/fr\\\/acces\\\/#breadcrumb\",\"itemListElement\":[{\"@type\":\"ListItem\",\"position\":1,\"name\":\"Home\",\"item\":\"https:\\\/\\\/stage10.roundup-server.biz\\\/fr\\\/\"},{\"@type\":\"ListItem\",\"position\":2,\"name\":\"Acc\u00e8s\"}]},{\"@type\":\"WebSite\",\"@id\":\"https:\\\/\\\/stage10.roundup-server.biz\\\/fr\\\/#website\",\"url\":\"https:\\\/\\\/stage10.roundup-server.biz\\\/fr\\\/\",\"name\":\"\u7d19\u306e\u535a\u7269\u9928\",\"description\":\"\u6771\u4eac\u738b\u5b50\u306b\u3042\u308b\u4e16\u754c\u6709\u6570\u306e\u7d19\u5c02\u9580\u306e\u535a\u7269\u9928\u3067\u3059\u3002\u7d19\u3059\u304d\u6559\u5ba4\u304c\u4eba\u6c17\u3002\",\"publisher\":{\"@id\":\"https:\\\/\\\/stage10.roundup-server.biz\\\/fr\\\/#organization\"},\"potentialAction\":[{\"@type\":\"SearchAction\",\"target\":{\"@type\":\"EntryPoint\",\"urlTemplate\":\"https:\\\/\\\/stage10.roundup-server.biz\\\/fr\\\/?s={search_term_string}\"},\"query-input\":{\"@type\":\"PropertyValueSpecification\",\"valueRequired\":true,\"valueName\":\"search_term_string\"}}],\"inLanguage\":\"fr-FR\"},{\"@type\":\"Organization\",\"@id\":\"https:\\\/\\\/stage10.roundup-server.biz\\\/fr\\\/#organization\",\"name\":\"\u516c\u76ca\u8ca1\u56e3\u6cd5\u4eba\u7d19\u306e\u535a\u7269\u9928\",\"url\":\"https:\\\/\\\/stage10.roundup-server.biz\\\/fr\\\/\",\"logo\":{\"@type\":\"ImageObject\",\"inLanguage\":\"fr-FR\",\"@id\":\"https:\\\/\\\/stage10.roundup-server.biz\\\/fr\\\/#\\\/schema\\\/logo\\\/image\\\/\",\"url\":\"https:\\\/\\\/stage10.roundup-server.biz\\\/wp-content\\\/uploads\\\/2018\\\/04\\\/logo-btm_91-e1550738440706.png\",\"contentUrl\":\"https:\\\/\\\/stage10.roundup-server.biz\\\/wp-content\\\/uploads\\\/2018\\\/04\\\/logo-btm_91-e1550738440706.png\",\"width\":479,\"height\":137,\"caption\":\"\u516c\u76ca\u8ca1\u56e3\u6cd5\u4eba\u7d19\u306e\u535a\u7269\u9928\"},\"image\":{\"@id\":\"https:\\\/\\\/stage10.roundup-server.biz\\\/fr\\\/#\\\/schema\\\/logo\\\/image\\\/\"}}]}<\/script>\n<!-- \/ Yoast SEO plugin. -->","yoast_head_json":{"title":"Acc\u00e8s - \u7d19\u306e\u535a\u7269\u9928","robots":{"index":"noindex","follow":"follow","max-snippet":"max-snippet:-1","max-image-preview":"max-image-preview:large","max-video-preview":"max-video-preview:-1"},"og_locale":"fr_FR","og_type":"article","og_title":"Acc\u00e8s - \u7d19\u306e\u535a\u7269\u9928","og_description":"[vc_row row_type=\u00a0\u00bbrow\u00a0\u00bb use_row_as_full_screen_section=\u00a0\u00bbno\u00a0\u00bb type=\u00a0\u00bbfull_width\u00a0\u00bb text_align=\u00a0\u00bbleft\u00a0\u00bb css_animation=\u00a0\u00bb\u00a0\u00bb box_shadow_on_row=\u00a0\u00bbno\u00a0\u00bb][vc_column][vc_column_text] En train Descendre \u00e0 la gare d\u2019\u014cji sur la ligne JR Keihin-T\u014dhoku et marcher environ 5 minutes depuis la sortie sud. Descendre \u00e0 la station Nishigahara sur la ligne Nanboku du m\u00e9tro de Tokyo, environ 7 minutes \u00e0...","og_url":"https:\/\/stage10.roundup-server.biz\/fr\/acces\/","og_site_name":"\u7d19\u306e\u535a\u7269\u9928","article_modified_time":"2018-11-02T08:20:33+00:00","og_image":[{"url":"https:\/\/stage10.roundup-server.biz\/wp-content\/uploads\/2018\/10\/Map-FR.png","type":"","width":"","height":""}],"twitter_card":"summary_large_image","twitter_misc":{"Dur\u00e9e de lecture estim\u00e9e":"1 minute"},"schema":{"@context":"https:\/\/schema.org","@graph":[{"@type":"WebPage","@id":"https:\/\/stage10.roundup-server.biz\/fr\/acces\/","url":"https:\/\/stage10.roundup-server.biz\/fr\/acces\/","name":"Acc\u00e8s - \u7d19\u306e\u535a\u7269\u9928","isPartOf":{"@id":"https:\/\/stage10.roundup-server.biz\/fr\/#website"},"primaryImageOfPage":{"@id":"https:\/\/stage10.roundup-server.biz\/fr\/acces\/#primaryimage"},"image":{"@id":"https:\/\/stage10.roundup-server.biz\/fr\/acces\/#primaryimage"},"thumbnailUrl":"https:\/\/stage10.roundup-server.biz\/wp-content\/uploads\/2018\/10\/Map-FR.png","datePublished":"2018-11-02T02:30:03+00:00","dateModified":"2018-11-02T08:20:33+00:00","breadcrumb":{"@id":"https:\/\/stage10.roundup-server.biz\/fr\/acces\/#breadcrumb"},"inLanguage":"fr-FR","potentialAction":[{"@type":"ReadAction","target":["https:\/\/stage10.roundup-server.biz\/fr\/acces\/"]}]},{"@type":"ImageObject","inLanguage":"fr-FR","@id":"https:\/\/stage10.roundup-server.biz\/fr\/acces\/#primaryimage","url":"https:\/\/stage10.roundup-server.biz\/wp-content\/uploads\/2018\/10\/Map-FR.png","contentUrl":"https:\/\/stage10.roundup-server.biz\/wp-content\/uploads\/2018\/10\/Map-FR.png"},{"@type":"BreadcrumbList","@id":"https:\/\/stage10.roundup-server.biz\/fr\/acces\/#breadcrumb","itemListElement":[{"@type":"ListItem","position":1,"name":"Home","item":"https:\/\/stage10.roundup-server.biz\/fr\/"},{"@type":"ListItem","position":2,"name":"Acc\u00e8s"}]},{"@type":"WebSite","@id":"https:\/\/stage10.roundup-server.biz\/fr\/#website","url":"https:\/\/stage10.roundup-server.biz\/fr\/","name":"\u7d19\u306e\u535a\u7269\u9928","description":"\u6771\u4eac\u738b\u5b50\u306b\u3042\u308b\u4e16\u754c\u6709\u6570\u306e\u7d19\u5c02\u9580\u306e\u535a\u7269\u9928\u3067\u3059\u3002\u7d19\u3059\u304d\u6559\u5ba4\u304c\u4eba\u6c17\u3002","publisher":{"@id":"https:\/\/stage10.roundup-server.biz\/fr\/#organization"},"potentialAction":[{"@type":"SearchAction","target":{"@type":"EntryPoint","urlTemplate":"https:\/\/stage10.roundup-server.biz\/fr\/?s={search_term_string}"},"query-input":{"@type":"PropertyValueSpecification","valueRequired":true,"valueName":"search_term_string"}}],"inLanguage":"fr-FR"},{"@type":"Organization","@id":"https:\/\/stage10.roundup-server.biz\/fr\/#organization","name":"\u516c\u76ca\u8ca1\u56e3\u6cd5\u4eba\u7d19\u306e\u535a\u7269\u9928","url":"https:\/\/stage10.roundup-server.biz\/fr\/","logo":{"@type":"ImageObject","inLanguage":"fr-FR","@id":"https:\/\/stage10.roundup-server.biz\/fr\/#\/schema\/logo\/image\/","url":"https:\/\/stage10.roundup-server.biz\/wp-content\/uploads\/2018\/04\/logo-btm_91-e1550738440706.png","contentUrl":"https:\/\/stage10.roundup-server.biz\/wp-content\/uploads\/2018\/04\/logo-btm_91-e1550738440706.png","width":479,"height":137,"caption":"\u516c\u76ca\u8ca1\u56e3\u6cd5\u4eba\u7d19\u306e\u535a\u7269\u9928"},"image":{"@id":"https:\/\/stage10.roundup-server.biz\/fr\/#\/schema\/logo\/image\/"}}]}},"_links":{"self":[{"href":"https:\/\/stage10.roundup-server.biz\/fr\/wp-json\/wp\/v2\/pages\/7213","targetHints":{"allow":["GET"]}}],"collection":[{"href":"https:\/\/stage10.roundup-server.biz\/fr\/wp-json\/wp\/v2\/pages"}],"about":[{"href":"https:\/\/stage10.roundup-server.biz\/fr\/wp-json\/wp\/v2\/types\/page"}],"author":[{"embeddable":true,"href":"https:\/\/stage10.roundup-server.biz\/fr\/wp-json\/wp\/v2\/users\/4"}],"replies":[{"embeddable":true,"href":"https:\/\/stage10.roundup-server.biz\/fr\/wp-json\/wp\/v2\/comments?post=7213"}],"version-history":[{"count":2,"href":"https:\/\/stage10.roundup-server.biz\/fr\/wp-json\/wp\/v2\/pages\/7213\/revisions"}],"predecessor-version":[{"id":7250,"href":"https:\/\/stage10.roundup-server.biz\/fr\/wp-json\/wp\/v2\/pages\/7213\/revisions\/7250"}],"wp:attachment":[{"href":"https:\/\/stage10.roundup-server.biz\/fr\/wp-json\/wp\/v2\/media?parent=7213"}],"curies":[{"name":"wp","href":"https:\/\/api.w.org\/{rel}","templated":true}]}}