{"id":7806,"date":"2018-12-17T16:10:58","date_gmt":"2018-12-17T07:10:58","guid":{"rendered":"http:\/\/stage04.b-gone.com\/calendrier-du-musee\/"},"modified":"2018-12-17T16:11:15","modified_gmt":"2018-12-17T07:11:15","slug":"calendrier-du-musee","status":"publish","type":"page","link":"https:\/\/stage10.roundup-server.biz\/fr\/calendrier-du-musee\/","title":{"rendered":"Calendrier du mus\u00e9e"},"content":{"rendered":"\r\n<div id='my-calendar' class='mc-main mcjs listjs gridjs minijs ajaxjs my-calendar calendar month my-calendar is-main-view' >\n<script type=\"application\/ld+json\">\n[{\"@context\":\"https:\/\/schema.org\",\"@type\":\"Event\",\"name\":\"\\u4f11\\u9928\\u65e5 Closing day\",\"description\":\"\\u4f11\\u9928\\u65e5 Closing day\",\"image\":\"\",\"url\":\"https:\/\/stage10.roundup-server.biz\/fr\/mc-events\/%e4%bc%91%e9%a4%a8%e6%97%a5-closing-day-27\/?mc_id=4588\",\"startDate\":\"2026-03-30T00:00:00+09:00\",\"endDate\":\"2026-03-31T00:00:59+09:00\",\"duration\":\"PD1TH0M0\",\"eventAttendanceMode\":\"https:\/\/schema.org\/OnlineEventAttendanceMode\",\"location\":{\"@type\":\"VirtualLocation\",\"url\":\"https:\/\/stage10.roundup-server.biz\/fr\/mc-events\/%e4%bc%91%e9%a4%a8%e6%97%a5-closing-day-27\/?mc_id=4588\"}}]\n<\/script>\n<h2 id=\"mc_head_my-calendar\" class=\"heading my-calendar-month\"><span>\u00c9v\u00e8nements en 2026\u5e74 avril<\/span><\/h2>\n\n<nav class=\"my-calendar-navigation\" aria-label=\"Calendrier (Haut)\">\n<div class=\"my-calendar-header\">\r\n\t\t<div class=\"my-calendar-nav\">\r\n\t\t\t<ul>\r\n\t\t\t\t<li class=\"my-calendar-prev\"><button type=\"button\" class=\"mc-navigation-button\" id=\"mc_previous_my-calendar\" data-href=\"https:\/\/stage10.roundup-server.biz\/fr\/calendrier-du-musee\/?cid=my-calendar&#038;dy&#038;month=3&#038;time=month&#038;yr=2026\"><span class=\"mc-icon\" aria-hidden=\"true\"><\/span>\u524d\u3078<\/button><\/li><li class=\"my-calendar-today\"><button type=\"button\" id=\"mc_today_my-calendar\" data-href=\"https:\/\/stage10.roundup-server.biz\/fr\/calendrier-du-musee\/?cid=my-calendar\" class=\"mc-navigation-button today mc-active\" aria-current=\"true\"><span class=\"mc-icon\" aria-hidden=\"true\"><\/span>Aujourd\u2019hui<\/button><\/li>\r\n\t\t\t<\/ul>\r\n\t\t<\/div><\/div>\n<\/nav>\n<div class=\"mc-content\">\n<table class='my-calendar-table' aria-labelledby='mc_head_my-calendar'>\n<thead>\n\t<tr class='mc-row'>\n\t\t<th scope=\"col\" class='weekend-heading sun'><abbr title=\"dimanche\" aria-hidden=\"true\">dim<\/abbr><span class=\"screen-reader-text\">dimanche<\/span><\/th>\n\n\t\t<th scope=\"col\" class='day-heading mon'><abbr title=\"lundi\" aria-hidden=\"true\">lun<\/abbr><span class=\"screen-reader-text\">lundi<\/span><\/th>\n\n\t\t<th scope=\"col\" class='day-heading tues'><abbr title=\"mardi\" aria-hidden=\"true\">mar<\/abbr><span class=\"screen-reader-text\">mardi<\/span><\/th>\n\n\t\t<th scope=\"col\" class='day-heading wed'><abbr title=\"mercredi\" aria-hidden=\"true\">mer<\/abbr><span class=\"screen-reader-text\">mercredi<\/span><\/th>\n\n\t\t<th scope=\"col\" class='day-heading thur'><abbr title=\"jeudi\" aria-hidden=\"true\">jeu<\/abbr><span class=\"screen-reader-text\">jeudi<\/span><\/th>\n\n\t\t<th scope=\"col\" class='day-heading fri'><abbr title=\"vendredi\" aria-hidden=\"true\">ven<\/abbr><span class=\"screen-reader-text\">vendredi<\/span><\/th>\n\n\t\t<th scope=\"col\" class='weekend-heading sat'><abbr title=\"samedi\" aria-hidden=\"true\">sam<\/abbr><span class=\"screen-reader-text\">samedi<\/span><\/th>\n\t<\/tr>\n<\/thead>\n<tbody>\n<tr class='mc-row'><td class='no-events dimanche dim past-day past-date weekend nextmonth no-events day-with-date'><div class='mc-date-container'><span class='mc-date no-events'><span aria-hidden='true'>29<\/span><span class='screen-reader-text'>2026\u5e74 mars 29\u65e5<\/span><\/span><\/div>\n<\/td>\n<td id='calendar-2026-03-30' class='mc-events lundi lun past-day past-date  nextmonth has-events author4 mcat_holiday day-with-date'><div class='mc-date-container'>\n\t<span class='mc-date'><span aria-hidden='true' class='mc-day-number'>30<\/span><span class='screen-reader-text mc-day-date'>2026\u5e74 mars 30\u65e5<\/span><span class=\"event-icon\" aria-hidden=\"true\">&#9679;<\/span><span class=\"screen-reader-text\"><span class=\"mc-list-details event-count\">(1 \u00e9v\u00e8nement)<\/span><\/span><\/span><\/div><article id='mc_calendar_30_4588-calendar-4588' class='mc-mc_calendar_4588 calendar-event mc_holiday mc_no-location  past-event mc_primary_holiday recurring mc-24-heures mc-start-00-00 ungrouped mc-event-656 mc-events mc-event mc_rel_holiday'><header>\t<h3 class='event-title summary' id='mc_4588-title-my-calendar'><button type='button'  aria-expanded='false' aria-controls='mc_calendar_30_4588-calendar-details-4588' class='calendar open url summary has-image'><svg style=\"fill:\" focusable=\"false\" role=\"img\" aria-labelledby=\"cat_4588\" class=\"category-icon\" xmlns=\"http:\/\/www.w3.org\/2000\/svg\" viewBox=\"0 0 448 512\"><!-- Font Awesome Free 5.15.3 by @fontawesome - https:\/\/fontawesome.com License - https:\/\/fontawesome.com\/license\/free (Icons: CC BY 4.0, Fonts: SIL OFL 1.1, Code: MIT License) --><title id='cat_4588'>Cat\u00e9gorie: holiday<\/title><path d=\"M12 192h424c6.6 0 12 5.4 12 12v260c0 26.5-21.5 48-48 48H48c-26.5 0-48-21.5-48-48V204c0-6.6 5.4-12 12-12zm436-44v-36c0-26.5-21.5-48-48-48h-48V12c0-6.6-5.4-12-12-12h-40c-6.6 0-12 5.4-12 12v52H160V12c0-6.6-5.4-12-12-12h-40c-6.6 0-12 5.4-12 12v52H48C21.5 64 0 85.5 0 112v36c0 6.6 5.4 12 12 12h424c6.6 0 12-5.4 12-12z\"\/><\/svg> <div>\u4f11\u9928\u65e5 Closing day<\/div><\/button><\/h3>\n<\/header><div id='mc_calendar_30_4588-calendar-details-4588' class='details no-image single-details'  aria-labelledby='mc_4588-title-my-calendar'>\n\t<button type='button' aria-controls='mc_calendar_30_4588-calendar-details-4588' class='mc-toggle close'><span class='dashicons dashicons-dismiss' aria-hidden='true'><\/span><span class='screen-reader-text'>Close<\/span><\/button><span class=\"event-time value-title\" title=\"2026-03-30T00:00:00\"><span class=\"time-separator\"> - <\/span><\/span>\r\n\r\n<h3 class=\"event-title\">\u4f11\u9928\u65e5 Closing day<\/h3>\r\n<div class=\"event-desc\" style=\"background-color: white !important;padding: 8px 10px 3px 10px\">\r\n\t<p>\u4f11\u9928\u65e5 Closing day<\/p>\n\r\n<\/div><\/div><!--end .details--><\/article>\n<\/td>\n<td class='no-events mardi mar past-day past-date  nextmonth no-events day-with-date'><div class='mc-date-container'><span class='mc-date no-events'><span aria-hidden='true'>31<\/span><span class='screen-reader-text'>2026\u5e74 mars 31\u65e5<\/span><\/span><\/div>\n<\/td>\n<td class='no-events mercredi mer past-day past-date   no-events day-with-date'><div class='mc-date-container'><span class='mc-date no-events'><span aria-hidden='true'>1<\/span><span class='screen-reader-text'>2026\u5e74 avril 1\u65e5<\/span><\/span><\/div>\n<\/td>\n<td class='no-events jeudi jeu past-day past-date   no-events day-with-date'><div class='mc-date-container'><span class='mc-date no-events'><span aria-hidden='true'>2<\/span><span class='screen-reader-text'>2026\u5e74 avril 2\u65e5<\/span><\/span><\/div>\n<\/td>\n<td class='no-events vendredi ven past-day past-date   no-events day-with-date'><div class='mc-date-container'><span class='mc-date no-events'><span aria-hidden='true'>3<\/span><span class='screen-reader-text'>2026\u5e74 avril 3\u65e5<\/span><\/span><\/div>\n<\/td>\n<td class='no-events samedi sam past-day past-date weekend  no-events day-with-date'><div class='mc-date-container'><span class='mc-date no-events'><span aria-hidden='true'>4<\/span><span class='screen-reader-text'>2026\u5e74 avril 4\u65e5<\/span><\/span><\/div>\n<\/td>\n<\/tr>\n<!-- End Event Row -->\n<tr class='mc-row'><td class='no-events dimanche dim past-day past-date weekend  no-events day-with-date'><div class='mc-date-container'><span class='mc-date no-events'><span aria-hidden='true'>5<\/span><span class='screen-reader-text'>2026\u5e74 avril 5\u65e5<\/span><\/span><\/div>\n<\/td>\n<td class='no-events lundi lun past-day past-date   no-events day-with-date'><div class='mc-date-container'><span class='mc-date no-events'><span aria-hidden='true'>6<\/span><span class='screen-reader-text'>2026\u5e74 avril 6\u65e5<\/span><\/span><\/div>\n<\/td>\n<td class='no-events mardi mar past-day past-date   no-events day-with-date'><div class='mc-date-container'><span class='mc-date no-events'><span aria-hidden='true'>7<\/span><span class='screen-reader-text'>2026\u5e74 avril 7\u65e5<\/span><\/span><\/div>\n<\/td>\n<td class='no-events mercredi mer past-day past-date   no-events day-with-date'><div class='mc-date-container'><span class='mc-date no-events'><span aria-hidden='true'>8<\/span><span class='screen-reader-text'>2026\u5e74 avril 8\u65e5<\/span><\/span><\/div>\n<\/td>\n<td class='no-events jeudi jeu past-day past-date   no-events day-with-date'><div class='mc-date-container'><span class='mc-date no-events'><span aria-hidden='true'>9<\/span><span class='screen-reader-text'>2026\u5e74 avril 9\u65e5<\/span><\/span><\/div>\n<\/td>\n<td aria-current=\"date\" class='no-events vendredi ven current-day   no-events day-with-date'><div class='mc-date-container'><span class='mc-date no-events'><span aria-hidden='true'>10<\/span><span class='screen-reader-text'>2026\u5e74 avril 10\u65e5<\/span><\/span><\/div>\n<\/td>\n<td class='no-events samedi sam future-day weekend  no-events day-with-date'><div class='mc-date-container'><span class='mc-date no-events'><span aria-hidden='true'>11<\/span><span class='screen-reader-text'>2026\u5e74 avril 11\u65e5<\/span><\/span><\/div>\n<\/td>\n<\/tr>\n<!-- End Event Row -->\n<tr class='mc-row'><td class='no-events dimanche dim future-day weekend  no-events day-with-date'><div class='mc-date-container'><span class='mc-date no-events'><span aria-hidden='true'>12<\/span><span class='screen-reader-text'>2026\u5e74 avril 12\u65e5<\/span><\/span><\/div>\n<\/td>\n<td class='no-events lundi lun future-day   no-events day-with-date'><div class='mc-date-container'><span class='mc-date no-events'><span aria-hidden='true'>13<\/span><span class='screen-reader-text'>2026\u5e74 avril 13\u65e5<\/span><\/span><\/div>\n<\/td>\n<td class='no-events mardi mar future-day   no-events day-with-date'><div class='mc-date-container'><span class='mc-date no-events'><span aria-hidden='true'>14<\/span><span class='screen-reader-text'>2026\u5e74 avril 14\u65e5<\/span><\/span><\/div>\n<\/td>\n<td class='no-events mercredi mer future-day   no-events day-with-date'><div class='mc-date-container'><span class='mc-date no-events'><span aria-hidden='true'>15<\/span><span class='screen-reader-text'>2026\u5e74 avril 15\u65e5<\/span><\/span><\/div>\n<\/td>\n<td class='no-events jeudi jeu future-day   no-events day-with-date'><div class='mc-date-container'><span class='mc-date no-events'><span aria-hidden='true'>16<\/span><span class='screen-reader-text'>2026\u5e74 avril 16\u65e5<\/span><\/span><\/div>\n<\/td>\n<td class='no-events vendredi ven future-day   no-events day-with-date'><div class='mc-date-container'><span class='mc-date no-events'><span aria-hidden='true'>17<\/span><span class='screen-reader-text'>2026\u5e74 avril 17\u65e5<\/span><\/span><\/div>\n<\/td>\n<td class='no-events samedi sam future-day weekend  no-events day-with-date'><div class='mc-date-container'><span class='mc-date no-events'><span aria-hidden='true'>18<\/span><span class='screen-reader-text'>2026\u5e74 avril 18\u65e5<\/span><\/span><\/div>\n<\/td>\n<\/tr>\n<!-- End Event Row -->\n<tr class='mc-row'><td class='no-events dimanche dim future-day weekend  no-events day-with-date'><div class='mc-date-container'><span class='mc-date no-events'><span aria-hidden='true'>19<\/span><span class='screen-reader-text'>2026\u5e74 avril 19\u65e5<\/span><\/span><\/div>\n<\/td>\n<td class='no-events lundi lun future-day   no-events day-with-date'><div class='mc-date-container'><span class='mc-date no-events'><span aria-hidden='true'>20<\/span><span class='screen-reader-text'>2026\u5e74 avril 20\u65e5<\/span><\/span><\/div>\n<\/td>\n<td class='no-events mardi mar future-day   no-events day-with-date'><div class='mc-date-container'><span class='mc-date no-events'><span aria-hidden='true'>21<\/span><span class='screen-reader-text'>2026\u5e74 avril 21\u65e5<\/span><\/span><\/div>\n<\/td>\n<td class='no-events mercredi mer future-day   no-events day-with-date'><div class='mc-date-container'><span class='mc-date no-events'><span aria-hidden='true'>22<\/span><span class='screen-reader-text'>2026\u5e74 avril 22\u65e5<\/span><\/span><\/div>\n<\/td>\n<td class='no-events jeudi jeu future-day   no-events day-with-date'><div class='mc-date-container'><span class='mc-date no-events'><span aria-hidden='true'>23<\/span><span class='screen-reader-text'>2026\u5e74 avril 23\u65e5<\/span><\/span><\/div>\n<\/td>\n<td class='no-events vendredi ven future-day   no-events day-with-date'><div class='mc-date-container'><span class='mc-date no-events'><span aria-hidden='true'>24<\/span><span class='screen-reader-text'>2026\u5e74 avril 24\u65e5<\/span><\/span><\/div>\n<\/td>\n<td class='no-events samedi sam future-day weekend  no-events day-with-date'><div class='mc-date-container'><span class='mc-date no-events'><span aria-hidden='true'>25<\/span><span class='screen-reader-text'>2026\u5e74 avril 25\u65e5<\/span><\/span><\/div>\n<\/td>\n<\/tr>\n<!-- End Event Row -->\n<tr class='mc-row'><td class='no-events dimanche dim future-day weekend  no-events day-with-date'><div class='mc-date-container'><span class='mc-date no-events'><span aria-hidden='true'>26<\/span><span class='screen-reader-text'>2026\u5e74 avril 26\u65e5<\/span><\/span><\/div>\n<\/td>\n<td class='no-events lundi lun future-day   no-events day-with-date'><div class='mc-date-container'><span class='mc-date no-events'><span aria-hidden='true'>27<\/span><span class='screen-reader-text'>2026\u5e74 avril 27\u65e5<\/span><\/span><\/div>\n<\/td>\n<td class='no-events mardi mar future-day   no-events day-with-date'><div class='mc-date-container'><span class='mc-date no-events'><span aria-hidden='true'>28<\/span><span class='screen-reader-text'>2026\u5e74 avril 28\u65e5<\/span><\/span><\/div>\n<\/td>\n<td class='no-events mercredi mer future-day   no-events day-with-date'><div class='mc-date-container'><span class='mc-date no-events'><span aria-hidden='true'>29<\/span><span class='screen-reader-text'>2026\u5e74 avril 29\u65e5<\/span><\/span><\/div>\n<\/td>\n<td class='no-events jeudi jeu future-day   no-events day-with-date'><div class='mc-date-container'><span class='mc-date no-events'><span aria-hidden='true'>30<\/span><span class='screen-reader-text'>2026\u5e74 avril 30\u65e5<\/span><\/span><\/div>\n<\/td>\n<td class='no-events vendredi ven future-day  nextmonth no-events day-with-date'><div class='mc-date-container'><span class='mc-date no-events'><span aria-hidden='true'>1<\/span><span class='screen-reader-text'>2026\u5e74 mai 1\u65e5<\/span><\/span><\/div>\n<\/td>\n<td class='no-events samedi sam future-day weekend nextmonth no-events day-with-date'><div class='mc-date-container'><span class='mc-date no-events'><span aria-hidden='true'>2<\/span><span class='screen-reader-text'>2026\u5e74 mai 2\u65e5<\/span><\/span><\/div>\n<\/td>\n<\/tr>\n<!-- End Event Row -->\n\n<\/tbody>\n<\/table><\/div><!-- .mc-content -->\r\n<\/div><!-- Close Main My Calendar Wrapper -->\n","protected":false},"excerpt":{"rendered":"\u00c9v\u00e8nements en 2026\u5e74 avril \u524d\u3078Aujourd\u2019hui dimdimanche lunlundi marmardi mermercredi jeujeudi venvendredi samsamedi 292026\u5e74 mars 29\u65e5 302026\u5e74 mars 30\u65e5&#9679;(1 \u00e9v\u00e8nement) Cat\u00e9gorie: holiday \u4f11\u9928\u65e5 Closing day Close - \u4f11\u9928\u65e5 Closing day \u4f11\u9928\u65e5 Closing day 312026\u5e74 mars 31\u65e5 12026\u5e74 avril 1\u65e5 22026\u5e74 avril 2\u65e5 32026\u5e74 avril 3\u65e5 42026\u5e74...","protected":false},"author":4,"featured_media":0,"parent":0,"menu_order":30,"comment_status":"closed","ping_status":"closed","template":"","meta":{"_mc_calendar":[],"footnotes":""},"class_list":["post-7806","page","type-page","status-publish","hentry"],"yoast_head":"<!-- This site is optimized with the Yoast SEO plugin v27.3 - https:\/\/yoast.com\/product\/yoast-seo-wordpress\/ -->\n<title>Calendrier du mus\u00e9e - \u7d19\u306e\u535a\u7269\u9928<\/title>\n<meta name=\"robots\" content=\"noindex, follow, max-snippet:-1, max-image-preview:large, max-video-preview:-1\" \/>\n<meta property=\"og:locale\" content=\"fr_FR\" \/>\n<meta property=\"og:type\" content=\"article\" \/>\n<meta property=\"og:title\" content=\"Calendrier du mus\u00e9e - \u7d19\u306e\u535a\u7269\u9928\" \/>\n<meta property=\"og:url\" content=\"https:\/\/stage10.roundup-server.biz\/fr\/calendrier-du-musee\/\" \/>\n<meta property=\"og:site_name\" content=\"\u7d19\u306e\u535a\u7269\u9928\" \/>\n<meta property=\"article:modified_time\" content=\"2018-12-17T07:11:15+00:00\" \/>\n<meta name=\"twitter:card\" content=\"summary_large_image\" \/>\n<script type=\"application\/ld+json\" class=\"yoast-schema-graph\">{\"@context\":\"https:\\\/\\\/schema.org\",\"@graph\":[{\"@type\":\"WebPage\",\"@id\":\"https:\\\/\\\/stage10.roundup-server.biz\\\/fr\\\/calendrier-du-musee\\\/\",\"url\":\"https:\\\/\\\/stage10.roundup-server.biz\\\/fr\\\/calendrier-du-musee\\\/\",\"name\":\"Calendrier du mus\u00e9e - \u7d19\u306e\u535a\u7269\u9928\",\"isPartOf\":{\"@id\":\"https:\\\/\\\/stage10.roundup-server.biz\\\/fr\\\/#website\"},\"datePublished\":\"2018-12-17T07:10:58+00:00\",\"dateModified\":\"2018-12-17T07:11:15+00:00\",\"breadcrumb\":{\"@id\":\"https:\\\/\\\/stage10.roundup-server.biz\\\/fr\\\/calendrier-du-musee\\\/#breadcrumb\"},\"inLanguage\":\"fr-FR\",\"potentialAction\":[{\"@type\":\"ReadAction\",\"target\":[\"https:\\\/\\\/stage10.roundup-server.biz\\\/fr\\\/calendrier-du-musee\\\/\"]}]},{\"@type\":\"BreadcrumbList\",\"@id\":\"https:\\\/\\\/stage10.roundup-server.biz\\\/fr\\\/calendrier-du-musee\\\/#breadcrumb\",\"itemListElement\":[{\"@type\":\"ListItem\",\"position\":1,\"name\":\"Home\",\"item\":\"https:\\\/\\\/stage10.roundup-server.biz\\\/fr\\\/\"},{\"@type\":\"ListItem\",\"position\":2,\"name\":\"Calendrier du mus\u00e9e\"}]},{\"@type\":\"WebSite\",\"@id\":\"https:\\\/\\\/stage10.roundup-server.biz\\\/fr\\\/#website\",\"url\":\"https:\\\/\\\/stage10.roundup-server.biz\\\/fr\\\/\",\"name\":\"\u7d19\u306e\u535a\u7269\u9928\",\"description\":\"\u6771\u4eac\u738b\u5b50\u306b\u3042\u308b\u4e16\u754c\u6709\u6570\u306e\u7d19\u5c02\u9580\u306e\u535a\u7269\u9928\u3067\u3059\u3002\u7d19\u3059\u304d\u6559\u5ba4\u304c\u4eba\u6c17\u3002\",\"publisher\":{\"@id\":\"https:\\\/\\\/stage10.roundup-server.biz\\\/fr\\\/#organization\"},\"potentialAction\":[{\"@type\":\"SearchAction\",\"target\":{\"@type\":\"EntryPoint\",\"urlTemplate\":\"https:\\\/\\\/stage10.roundup-server.biz\\\/fr\\\/?s={search_term_string}\"},\"query-input\":{\"@type\":\"PropertyValueSpecification\",\"valueRequired\":true,\"valueName\":\"search_term_string\"}}],\"inLanguage\":\"fr-FR\"},{\"@type\":\"Organization\",\"@id\":\"https:\\\/\\\/stage10.roundup-server.biz\\\/fr\\\/#organization\",\"name\":\"\u516c\u76ca\u8ca1\u56e3\u6cd5\u4eba\u7d19\u306e\u535a\u7269\u9928\",\"url\":\"https:\\\/\\\/stage10.roundup-server.biz\\\/fr\\\/\",\"logo\":{\"@type\":\"ImageObject\",\"inLanguage\":\"fr-FR\",\"@id\":\"https:\\\/\\\/stage10.roundup-server.biz\\\/fr\\\/#\\\/schema\\\/logo\\\/image\\\/\",\"url\":\"https:\\\/\\\/stage10.roundup-server.biz\\\/wp-content\\\/uploads\\\/2018\\\/04\\\/logo-btm_91-e1550738440706.png\",\"contentUrl\":\"https:\\\/\\\/stage10.roundup-server.biz\\\/wp-content\\\/uploads\\\/2018\\\/04\\\/logo-btm_91-e1550738440706.png\",\"width\":479,\"height\":137,\"caption\":\"\u516c\u76ca\u8ca1\u56e3\u6cd5\u4eba\u7d19\u306e\u535a\u7269\u9928\"},\"image\":{\"@id\":\"https:\\\/\\\/stage10.roundup-server.biz\\\/fr\\\/#\\\/schema\\\/logo\\\/image\\\/\"}}]}<\/script>\n<!-- \/ Yoast SEO plugin. -->","yoast_head_json":{"title":"Calendrier du mus\u00e9e - \u7d19\u306e\u535a\u7269\u9928","robots":{"index":"noindex","follow":"follow","max-snippet":"max-snippet:-1","max-image-preview":"max-image-preview:large","max-video-preview":"max-video-preview:-1"},"og_locale":"fr_FR","og_type":"article","og_title":"Calendrier du mus\u00e9e - \u7d19\u306e\u535a\u7269\u9928","og_url":"https:\/\/stage10.roundup-server.biz\/fr\/calendrier-du-musee\/","og_site_name":"\u7d19\u306e\u535a\u7269\u9928","article_modified_time":"2018-12-17T07:11:15+00:00","twitter_card":"summary_large_image","schema":{"@context":"https:\/\/schema.org","@graph":[{"@type":"WebPage","@id":"https:\/\/stage10.roundup-server.biz\/fr\/calendrier-du-musee\/","url":"https:\/\/stage10.roundup-server.biz\/fr\/calendrier-du-musee\/","name":"Calendrier du mus\u00e9e - \u7d19\u306e\u535a\u7269\u9928","isPartOf":{"@id":"https:\/\/stage10.roundup-server.biz\/fr\/#website"},"datePublished":"2018-12-17T07:10:58+00:00","dateModified":"2018-12-17T07:11:15+00:00","breadcrumb":{"@id":"https:\/\/stage10.roundup-server.biz\/fr\/calendrier-du-musee\/#breadcrumb"},"inLanguage":"fr-FR","potentialAction":[{"@type":"ReadAction","target":["https:\/\/stage10.roundup-server.biz\/fr\/calendrier-du-musee\/"]}]},{"@type":"BreadcrumbList","@id":"https:\/\/stage10.roundup-server.biz\/fr\/calendrier-du-musee\/#breadcrumb","itemListElement":[{"@type":"ListItem","position":1,"name":"Home","item":"https:\/\/stage10.roundup-server.biz\/fr\/"},{"@type":"ListItem","position":2,"name":"Calendrier du mus\u00e9e"}]},{"@type":"WebSite","@id":"https:\/\/stage10.roundup-server.biz\/fr\/#website","url":"https:\/\/stage10.roundup-server.biz\/fr\/","name":"\u7d19\u306e\u535a\u7269\u9928","description":"\u6771\u4eac\u738b\u5b50\u306b\u3042\u308b\u4e16\u754c\u6709\u6570\u306e\u7d19\u5c02\u9580\u306e\u535a\u7269\u9928\u3067\u3059\u3002\u7d19\u3059\u304d\u6559\u5ba4\u304c\u4eba\u6c17\u3002","publisher":{"@id":"https:\/\/stage10.roundup-server.biz\/fr\/#organization"},"potentialAction":[{"@type":"SearchAction","target":{"@type":"EntryPoint","urlTemplate":"https:\/\/stage10.roundup-server.biz\/fr\/?s={search_term_string}"},"query-input":{"@type":"PropertyValueSpecification","valueRequired":true,"valueName":"search_term_string"}}],"inLanguage":"fr-FR"},{"@type":"Organization","@id":"https:\/\/stage10.roundup-server.biz\/fr\/#organization","name":"\u516c\u76ca\u8ca1\u56e3\u6cd5\u4eba\u7d19\u306e\u535a\u7269\u9928","url":"https:\/\/stage10.roundup-server.biz\/fr\/","logo":{"@type":"ImageObject","inLanguage":"fr-FR","@id":"https:\/\/stage10.roundup-server.biz\/fr\/#\/schema\/logo\/image\/","url":"https:\/\/stage10.roundup-server.biz\/wp-content\/uploads\/2018\/04\/logo-btm_91-e1550738440706.png","contentUrl":"https:\/\/stage10.roundup-server.biz\/wp-content\/uploads\/2018\/04\/logo-btm_91-e1550738440706.png","width":479,"height":137,"caption":"\u516c\u76ca\u8ca1\u56e3\u6cd5\u4eba\u7d19\u306e\u535a\u7269\u9928"},"image":{"@id":"https:\/\/stage10.roundup-server.biz\/fr\/#\/schema\/logo\/image\/"}}]}},"_links":{"self":[{"href":"https:\/\/stage10.roundup-server.biz\/fr\/wp-json\/wp\/v2\/pages\/7806","targetHints":{"allow":["GET"]}}],"collection":[{"href":"https:\/\/stage10.roundup-server.biz\/fr\/wp-json\/wp\/v2\/pages"}],"about":[{"href":"https:\/\/stage10.roundup-server.biz\/fr\/wp-json\/wp\/v2\/types\/page"}],"author":[{"embeddable":true,"href":"https:\/\/stage10.roundup-server.biz\/fr\/wp-json\/wp\/v2\/users\/4"}],"replies":[{"embeddable":true,"href":"https:\/\/stage10.roundup-server.biz\/fr\/wp-json\/wp\/v2\/comments?post=7806"}],"version-history":[{"count":1,"href":"https:\/\/stage10.roundup-server.biz\/fr\/wp-json\/wp\/v2\/pages\/7806\/revisions"}],"predecessor-version":[{"id":7807,"href":"https:\/\/stage10.roundup-server.biz\/fr\/wp-json\/wp\/v2\/pages\/7806\/revisions\/7807"}],"wp:attachment":[{"href":"https:\/\/stage10.roundup-server.biz\/fr\/wp-json\/wp\/v2\/media?parent=7806"}],"curies":[{"name":"wp","href":"https:\/\/api.w.org\/{rel}","templated":true}]}}